{"id":971,"date":"2024-03-10T10:53:29","date_gmt":"2024-03-10T09:53:29","guid":{"rendered":"https:\/\/antoinetome.fr\/?page_id=971"},"modified":"2024-03-19T08:42:34","modified_gmt":"2024-03-19T07:42:34","slug":"romantik-tubes-vol-4","status":"publish","type":"page","link":"https:\/\/antoinetome.fr\/index.php\/romantik-tubes-vol-4\/","title":{"rendered":"Romantik Tubes Vol 4"},"content":{"rendered":"\n<figure class=\"wp-block-table\"><table class=\"has-luminous-vivid-amber-background-color has-background\"><tbody><tr><td class=\"has-text-align-center\" data-align=\"center\"><strong>Romantik Tubes Vol 4<\/strong><\/td><\/tr><\/tbody><\/table><\/figure>\n\n\n\n<p><strong>Participation aux frais<\/strong> : 15\u20ac + frais d&rsquo;exp\u00e9dition <br>Demandez votre exemplaire \u00e0 la rubrique \u00ab\u00a0<a href=\"https:\/\/antoinetome.fr\/index.php\/contact\/\" target=\"_blank\" rel=\"noreferrer noopener\">contact<\/a>\u00ab\u00a0en indiquant l&rsquo;adresse de livraison<\/p>\n\n\n\n\n\n\n<p><strong>1)\u00b0<\/strong>&nbsp;Participer aux frais d\u2019exp\u00e9dition pour une commande de <strong>moins de 3 albums: 5\u20ac<\/strong><\/p>\n\n\n<div class=\"wp_cart_button_wrapper\"><form method=\"post\" class=\"wp-cart-button-form\" action=\"\" style=\"display:inline\" onsubmit=\"return ReadForm(this, true);\" ><input type=\"hidden\" id=\"_wpnonce\" name=\"_wpnonce\" value=\"a825232fc9\" \/><input type=\"hidden\" name=\"_wp_http_referer\" value=\"\/index.php\/wp-json\/wp\/v2\/pages\/971\" \/><input type=\"submit\" class=\"wspsc_add_cart_submit\" name=\"wspsc_add_cart_submit\" value=\"Ajouter au panier\" \/><input type=\"hidden\" name=\"wspsc_product\" value=\"extedition1\" \/><input type=\"hidden\" name=\"price\" value=\"5.00\" \/><input type=\"hidden\" name=\"shipping\" value=\"0\" \/><input type=\"hidden\" name=\"addcart\" value=\"1\" \/><input type=\"hidden\" name=\"cartLink\" value=\"https:\/\/antoinetome.fr\/wp-json\/wp\/v2\/pages\/971\" \/><input type=\"hidden\" name=\"product_tmp\" value=\"extedition1\" \/><input type=\"hidden\" name=\"product_tmp_two\" value=\"extedition1\" \/><input type=\"hidden\" name=\"item_number\" value=\"\" \/><\/form><\/div>\n\n\n\n<p><strong>ou<\/strong> &nbsp;Participer aux frais d\u2019exp\u00e9dition pour une commande de<strong> plus de 3 albums: 10\u20ac<\/strong><\/p>\n\n\n<div class=\"wp_cart_button_wrapper\"><form method=\"post\" class=\"wp-cart-button-form\" action=\"\" style=\"display:inline\" onsubmit=\"return ReadForm(this, true);\" ><input type=\"hidden\" id=\"_wpnonce\" name=\"_wpnonce\" value=\"a825232fc9\" \/><input type=\"hidden\" name=\"_wp_http_referer\" value=\"\/index.php\/wp-json\/wp\/v2\/pages\/971\" \/><input type=\"submit\" class=\"wspsc_add_cart_submit\" name=\"wspsc_add_cart_submit\" value=\"Ajouter au panier\" \/><input type=\"hidden\" name=\"wspsc_product\" value=\"extedition2\" \/><input type=\"hidden\" name=\"price\" value=\"10.00\" \/><input type=\"hidden\" name=\"shipping\" value=\"0\" \/><input type=\"hidden\" name=\"addcart\" value=\"1\" \/><input type=\"hidden\" name=\"cartLink\" value=\"https:\/\/antoinetome.fr\/wp-json\/wp\/v2\/pages\/971\" \/><input type=\"hidden\" name=\"product_tmp\" value=\"extedition2\" \/><input type=\"hidden\" name=\"product_tmp_two\" value=\"extedition2\" \/><input type=\"hidden\" name=\"item_number\" value=\"\" \/><\/form><\/div>\n\n\n\n<p><strong>2\u00b0)<\/strong> <strong>demander mon exemplaire!<\/strong><\/p>\n\n\n<div class=\"wp_cart_button_wrapper\"><form method=\"post\" class=\"wp-cart-button-form\" action=\"\" style=\"display:inline\" onsubmit=\"return ReadForm(this, true);\" ><input type=\"hidden\" id=\"_wpnonce\" name=\"_wpnonce\" value=\"a825232fc9\" \/><input type=\"hidden\" name=\"_wp_http_referer\" value=\"\/index.php\/wp-json\/wp\/v2\/pages\/971\" \/><input type=\"submit\" class=\"wspsc_add_cart_submit\" name=\"wspsc_add_cart_submit\" value=\"Ajouter au panier\" \/><input type=\"hidden\" name=\"wspsc_product\" value=\"Romantik-Tubes-vol4\" \/><input type=\"hidden\" name=\"price\" value=\"15.00\" \/><input type=\"hidden\" name=\"shipping\" value=\"0\" \/><input type=\"hidden\" name=\"addcart\" value=\"1\" \/><input type=\"hidden\" name=\"cartLink\" value=\"https:\/\/antoinetome.fr\/wp-json\/wp\/v2\/pages\/971\" \/><input type=\"hidden\" name=\"product_tmp\" value=\"Romantik-Tubes-vol4\" \/><input type=\"hidden\" name=\"product_tmp_two\" value=\"Romantik-Tubes-vol4\" \/><input type=\"hidden\" name=\"item_number\" value=\"\" \/><\/form><\/div>\n\n\n\n<div class=\"wp-block-columns is-layout-flex wp-container-core-columns-is-layout-9d6595d7 wp-block-columns-is-layout-flex\">\n<div class=\"wp-block-column is-layout-flow wp-block-column-is-layout-flow\">\n<figure class=\"wp-block-image size-full\"><img loading=\"lazy\" decoding=\"async\" width=\"768\" height=\"762\" src=\"http:\/\/antoinetome.fr\/wp-content\/uploads\/2024\/03\/RT-Vol4-Recto.jpg\" alt=\"\" class=\"wp-image-962\" srcset=\"https:\/\/antoinetome.fr\/wp-content\/uploads\/2024\/03\/RT-Vol4-Recto.jpg 768w, https:\/\/antoinetome.fr\/wp-content\/uploads\/2024\/03\/RT-Vol4-Recto-300x298.jpg 300w, https:\/\/antoinetome.fr\/wp-content\/uploads\/2024\/03\/RT-Vol4-Recto-150x150.jpg 150w\" sizes=\"auto, (max-width: 768px) 100vw, 768px\" \/><\/figure>\n<\/div>\n\n\n\n<div class=\"wp-block-column is-layout-flow wp-block-column-is-layout-flow\">\n<figure class=\"wp-block-image size-full\"><img loading=\"lazy\" decoding=\"async\" width=\"768\" height=\"762\" src=\"https:\/\/antoinetome.fr\/wp-content\/uploads\/2024\/03\/RT-Vol4-Verso.jpg\" alt=\"\" class=\"wp-image-973\" srcset=\"https:\/\/antoinetome.fr\/wp-content\/uploads\/2024\/03\/RT-Vol4-Verso.jpg 768w, https:\/\/antoinetome.fr\/wp-content\/uploads\/2024\/03\/RT-Vol4-Verso-300x298.jpg 300w, https:\/\/antoinetome.fr\/wp-content\/uploads\/2024\/03\/RT-Vol4-Verso-150x150.jpg 150w\" sizes=\"auto, (max-width: 768px) 100vw, 768px\" \/><\/figure>\n<\/div>\n\n\n\n<div class=\"wp-block-column is-layout-flow wp-block-column-is-layout-flow\">\n<figure class=\"wp-block-image size-full\"><img loading=\"lazy\" decoding=\"async\" width=\"768\" height=\"762\" src=\"https:\/\/antoinetome.fr\/wp-content\/uploads\/2024\/03\/RT-Vol4-rondelle.jpg\" alt=\"\" class=\"wp-image-974\" srcset=\"https:\/\/antoinetome.fr\/wp-content\/uploads\/2024\/03\/RT-Vol4-rondelle.jpg 768w, https:\/\/antoinetome.fr\/wp-content\/uploads\/2024\/03\/RT-Vol4-rondelle-300x298.jpg 300w, https:\/\/antoinetome.fr\/wp-content\/uploads\/2024\/03\/RT-Vol4-rondelle-150x150.jpg 150w\" sizes=\"auto, (max-width: 768px) 100vw, 768px\" \/><\/figure>\n<\/div>\n<\/div>\n\n\n\n<hr class=\"wp-block-separator has-alpha-channel-opacity\"\/>\n\n\n\n<p><strong>Liste des titres du volume 4 :<\/strong><br>1-Je suis entr\u00e9 en toi par la fen\u00eatre -5&rsquo;02<br>2-Un baiser-5&rsquo;42<br>3-Une \u00eele pour elle -3&rsquo;18<br>4-Une barque sur la mer d\u00e9rive -4&rsquo;31<br>5-De l&rsquo;autre c\u00f4t\u00e9 -4&rsquo;51<br>6-Si tu viens \u00e0 passer pr\u00e8s de la rivi\u00e8re -3&rsquo;51<br>7-Elle est partie, \u00e7a ne fait aucun doute -4&rsquo;36<\/p>\n\n\n\n<p><strong>Paroles et musique d&rsquo;Antoine Tom\u00e9<\/strong><br>Arrangements : Denis Leloup<br>R\u00e9alisation : Antoine Tom\u00e9 et Christophe Kriss Sarlin<br>Antoine Tom\u00e9 : voix lead, ch\u0153urs et tricardon<br>Denis Leloup : trombone<br>Philippe Leloup : Flute, clarinette, clarinette basse, saxophone<br>Isabelle Roche : harpe<br>Isabelle Roche et Philippe Leloup : percussions sur 3 et 5<br>Denis Leloup, Philippe Leloup et Isabelle Roche : ch\u0153urs sur 4<br>Kristel Adams : ch\u0153urs sur 1, 2 et 4<br>Julie Gloria : ch\u0153urs sur 6 et 7<\/p>\n\n\n\n<p>Ludovic Caussin: Guitare sur 6 et 7<\/p>\n\n\n\n<p><br>Christophe Kriss Sarlin : programmation,<br>batterie, basse, enregistrement et mixage<\/p>\n\n\n\n<p>Enregistrement, mixage et mast\u00e9risation :                                                                                                      Kriss Sarlin au studio du Regard <\/p>\n\n\n\n<pre class=\"wp-block-code\"><code>                                                                                                                                      <\/code><\/pre>\n","protected":false},"excerpt":{"rendered":"<p>Romantik Tubes Vol 4 Participation aux frais : 15\u20ac + frais d&rsquo;exp\u00e9dition Demandez votre exemplaire \u00e0 la rubrique \u00ab\u00a0contact\u00ab\u00a0en indiquant l&rsquo;adresse de livraison 1)\u00b0&nbsp;Participer aux frais d\u2019exp\u00e9dition pour une commande de moins de 3 albums: 5\u20ac ou &nbsp;Participer aux frais d\u2019exp\u00e9dition pour une commande de plus de 3 albums: 10\u20ac 2\u00b0) demander mon exemplaire! Liste [&hellip;]<\/p>\n","protected":false},"author":1,"featured_media":0,"parent":0,"menu_order":0,"comment_status":"closed","ping_status":"closed","template":"page-template\/ibtana-page-template.php","meta":{"footnotes":""},"class_list":["post-971","page","type-page","status-publish","hentry"],"_links":{"self":[{"href":"https:\/\/antoinetome.fr\/index.php\/wp-json\/wp\/v2\/pages\/971","targetHints":{"allow":["GET"]}}],"collection":[{"href":"https:\/\/antoinetome.fr\/index.php\/wp-json\/wp\/v2\/pages"}],"about":[{"href":"https:\/\/antoinetome.fr\/index.php\/wp-json\/wp\/v2\/types\/page"}],"author":[{"embeddable":true,"href":"https:\/\/antoinetome.fr\/index.php\/wp-json\/wp\/v2\/users\/1"}],"replies":[{"embeddable":true,"href":"https:\/\/antoinetome.fr\/index.php\/wp-json\/wp\/v2\/comments?post=971"}],"version-history":[{"count":3,"href":"https:\/\/antoinetome.fr\/index.php\/wp-json\/wp\/v2\/pages\/971\/revisions"}],"predecessor-version":[{"id":1022,"href":"https:\/\/antoinetome.fr\/index.php\/wp-json\/wp\/v2\/pages\/971\/revisions\/1022"}],"wp:attachment":[{"href":"https:\/\/antoinetome.fr\/index.php\/wp-json\/wp\/v2\/media?parent=971"}],"curies":[{"name":"wp","href":"https:\/\/api.w.org\/{rel}","templated":true}]}}