{"id":679,"date":"2024-01-31T17:06:26","date_gmt":"2024-01-31T16:06:26","guid":{"rendered":"https:\/\/antoinetome.fr\/?page_id=679"},"modified":"2026-02-23T03:45:47","modified_gmt":"2026-02-23T02:45:47","slug":"concerts-2","status":"publish","type":"page","link":"https:\/\/antoinetome.fr\/index.php\/concerts-2\/","title":{"rendered":"Concerts"},"content":{"rendered":"\n<p><\/p>\n\n\n\n<figure class=\"wp-block-table has-medium-font-size\"><table class=\"has-luminous-vivid-amber-background-color has-background\"><tbody><tr><td class=\"has-text-align-center\" data-align=\"center\"><strong>Concerts<\/strong><\/td><\/tr><\/tbody><\/table><\/figure>\n\n\n\n<div class=\"wp-block-media-text is-stacked-on-mobile\" style=\"grid-template-columns:71% auto\"><figure class=\"wp-block-media-text__media\"><img loading=\"lazy\" decoding=\"async\" width=\"952\" height=\"648\" src=\"http:\/\/antoinetome.fr\/wp-content\/uploads\/2026\/02\/Sans-titre-1-1.jpg\" alt=\"\" class=\"wp-image-1515 size-full\" srcset=\"https:\/\/antoinetome.fr\/wp-content\/uploads\/2026\/02\/Sans-titre-1-1.jpg 952w, https:\/\/antoinetome.fr\/wp-content\/uploads\/2026\/02\/Sans-titre-1-1-300x204.jpg 300w, https:\/\/antoinetome.fr\/wp-content\/uploads\/2026\/02\/Sans-titre-1-1-768x523.jpg 768w\" sizes=\"auto, (max-width: 952px) 100vw, 952px\" \/><\/figure><div class=\"wp-block-media-text__content\">\n<p class=\"has-text-align-center has-large-font-size\"><strong>CONCERT<\/strong><\/p>\n\n\n\n<p class=\"has-text-align-center\">Le 11 Mars 2026<\/p>\n\n\n\n<p class=\"has-text-align-center\"> \u00e0 20h30<br>au Conn\u00e9table<br>55, rue des Archives 75003 PARIS<\/p>\n\n\n\n<p class=\"has-text-align-center\">Entr\u00e9e Libre<\/p>\n\n\n\n<p class=\"has-text-align-center has-small-font-size\"><em>Chapeau pour les artistes<\/em><\/p>\n<\/div><\/div>\n\n\n\n<div class=\"wp-block-media-text is-stacked-on-mobile\" style=\"grid-template-columns:71% auto\"><figure class=\"wp-block-media-text__media\"><img loading=\"lazy\" decoding=\"async\" width=\"1024\" height=\"536\" src=\"http:\/\/antoinetome.fr\/wp-content\/uploads\/2026\/01\/connetable-facebook-FEVRIER-2026-1024x536.jpg\" alt=\"\" class=\"wp-image-1483 size-full\" srcset=\"https:\/\/antoinetome.fr\/wp-content\/uploads\/2026\/01\/connetable-facebook-FEVRIER-2026-1024x536.jpg 1024w, https:\/\/antoinetome.fr\/wp-content\/uploads\/2026\/01\/connetable-facebook-FEVRIER-2026-300x157.jpg 300w, https:\/\/antoinetome.fr\/wp-content\/uploads\/2026\/01\/connetable-facebook-FEVRIER-2026-768x402.jpg 768w, https:\/\/antoinetome.fr\/wp-content\/uploads\/2026\/01\/connetable-facebook-FEVRIER-2026.jpg 1250w\" sizes=\"auto, (max-width: 1024px) 100vw, 1024px\" \/><\/figure><div class=\"wp-block-media-text__content\">\n<p class=\"has-text-align-center has-large-font-size\"><strong>CONCERT<\/strong><\/p>\n\n\n\n<p class=\"has-text-align-center\">Le 18 f\u00e9vrier 2026<\/p>\n\n\n\n<p class=\"has-text-align-center\"> \u00e0 20h30<br>au Conn\u00e9table<br>55, rue des Archives 75003 PARIS<\/p>\n\n\n\n<p class=\"has-text-align-center\">Entr\u00e9e Libre<\/p>\n\n\n\n<p class=\"has-text-align-center has-small-font-size\"><em>Chapeau pour les artistes<\/em><\/p>\n<\/div><\/div>\n\n\n\n<div class=\"wp-block-media-text is-stacked-on-mobile\" style=\"grid-template-columns:71% auto\"><figure class=\"wp-block-media-text__media\"><img loading=\"lazy\" decoding=\"async\" width=\"1024\" height=\"537\" src=\"https:\/\/antoinetome.fr\/wp-content\/uploads\/2025\/08\/connetable-facebook-sept-2-1024x537.png\" alt=\"\" class=\"wp-image-1389 size-full\" srcset=\"https:\/\/antoinetome.fr\/wp-content\/uploads\/2025\/08\/connetable-facebook-sept-2-1024x537.png 1024w, https:\/\/antoinetome.fr\/wp-content\/uploads\/2025\/08\/connetable-facebook-sept-2-300x157.png 300w, https:\/\/antoinetome.fr\/wp-content\/uploads\/2025\/08\/connetable-facebook-sept-2-768x402.png 768w, https:\/\/antoinetome.fr\/wp-content\/uploads\/2025\/08\/connetable-facebook-sept-2.png 1250w\" sizes=\"auto, (max-width: 1024px) 100vw, 1024px\" \/><\/figure><div class=\"wp-block-media-text__content\">\n<p class=\"has-text-align-center has-large-font-size\"><strong>CONCERT<\/strong><\/p>\n\n\n\n<p class=\"has-text-align-center\">Le 10 Septembre 2025 \u00e0 20h30<br>au Conn\u00e9table<br>55, rue des Archives 75003 PARIS<\/p>\n\n\n\n<p class=\"has-text-align-center\">Entr\u00e9e Libre<\/p>\n\n\n\n<p class=\"has-text-align-center has-small-font-size\"><em>Chapeau pour les artistes<\/em><\/p>\n<\/div><\/div>\n\n\n\n<div class=\"wp-block-media-text is-stacked-on-mobile\" style=\"grid-template-columns:71% auto\"><figure class=\"wp-block-media-text__media\"><img loading=\"lazy\" decoding=\"async\" width=\"600\" height=\"314\" src=\"https:\/\/antoinetome.fr\/wp-content\/uploads\/2025\/06\/connetable-facebook-1.jpg\" alt=\"\" class=\"wp-image-1368 size-full\" srcset=\"https:\/\/antoinetome.fr\/wp-content\/uploads\/2025\/06\/connetable-facebook-1.jpg 600w, https:\/\/antoinetome.fr\/wp-content\/uploads\/2025\/06\/connetable-facebook-1-300x157.jpg 300w\" sizes=\"auto, (max-width: 600px) 100vw, 600px\" \/><\/figure><div class=\"wp-block-media-text__content\">\n<h2 class=\"wp-block-heading has-text-align-center\"><strong>CONCERT<\/strong><\/h2>\n\n\n\n<p class=\"has-text-align-center\">Le 2 juillet 2025 \u00e0 20h30<\/p>\n\n\n\n<p class=\"has-text-align-center\">au Conn\u00e9table<\/p>\n\n\n\n<p class=\"has-text-align-center\">55, rue des Archives 75003 PARIS <\/p>\n\n\n\n<p class=\"has-text-align-center\">Entr\u00e9e Libre<\/p>\n\n\n\n<p class=\"has-text-align-center has-small-font-size\"><em>Chapeau pour les artistes<\/em><\/p>\n<\/div><\/div>\n\n\n\n<hr class=\"wp-block-separator has-alpha-channel-opacity is-style-wide\"\/>\n\n\n\n<div class=\"wp-block-media-text is-stacked-on-mobile\" style=\"grid-template-columns:32% auto\"><figure class=\"wp-block-media-text__media\"><img loading=\"lazy\" decoding=\"async\" width=\"724\" height=\"1024\" src=\"http:\/\/antoinetome.fr\/wp-content\/uploads\/2026\/01\/143461ad-17b5-4adb-a4ce-90ce8415d910-724x1024.jpg\" alt=\"\" class=\"wp-image-1484 size-full\" srcset=\"https:\/\/antoinetome.fr\/wp-content\/uploads\/2026\/01\/143461ad-17b5-4adb-a4ce-90ce8415d910-724x1024.jpg 724w, https:\/\/antoinetome.fr\/wp-content\/uploads\/2026\/01\/143461ad-17b5-4adb-a4ce-90ce8415d910-212x300.jpg 212w, https:\/\/antoinetome.fr\/wp-content\/uploads\/2026\/01\/143461ad-17b5-4adb-a4ce-90ce8415d910-768x1086.jpg 768w, https:\/\/antoinetome.fr\/wp-content\/uploads\/2026\/01\/143461ad-17b5-4adb-a4ce-90ce8415d910-1087x1536.jpg 1087w, https:\/\/antoinetome.fr\/wp-content\/uploads\/2026\/01\/143461ad-17b5-4adb-a4ce-90ce8415d910.jpg 1132w\" sizes=\"auto, (max-width: 724px) 100vw, 724px\" \/><\/figure><div class=\"wp-block-media-text__content\">\n<h3 class=\"wp-block-heading\"><strong>MOVIES ON THE ROCKS # Edition<\/strong>&nbsp;2<\/h3>\n\n\n\n<p>PROGRAMME DU FESTIVAL MOVIES ON THE ROCKS&nbsp;<img loading=\"lazy\" decoding=\"async\" height=\"16\" width=\"16\" src=\"https:\/\/static.xx.fbcdn.net\/images\/emoji.php\/v9\/tcc\/2\/16\/1f3ac.png\" alt=\"\ud83c\udfac\">&nbsp;Un week-end exceptionnel en mai 2026. \u00c0 noter absolument dans vos agendas :<\/p>\n\n\n\n<p><img loading=\"lazy\" decoding=\"async\" height=\"16\" width=\"16\" alt=\"\u27a1\ufe0f\" src=\"https:\/\/static.xx.fbcdn.net\/images\/emoji.php\/v9\/t1f\/2\/16\/27a1.png\">&nbsp;29, 30 et 31 mai 2026<\/p>\n\n\n\n<p><strong>Cinema St Laurent Blain<\/strong><\/p>\n\n\n\n<p><strong>Artistes &amp; invit\u00e9s au rendez-vous :&nbsp;<\/strong>Cali, John Helliwell, Supertramp, Antoine Tom\u00e9, Jacqui Mc Shee, Pentangle, Excalibur, Alan Simon &amp; invit\u00e9s surprises.<\/p>\n\n\n\n<p>Cin\u00e9ma, musique live, \u00e9motions et rock : Movies on the Rocks revient plus fort pour une \u00e9dition encore plus magique !<\/p>\n<\/div><\/div>\n\n\n\n<div class=\"wp-block-media-text is-stacked-on-mobile\" style=\"grid-template-columns:32% auto\"><figure class=\"wp-block-media-text__media\"><img loading=\"lazy\" decoding=\"async\" width=\"690\" height=\"1024\" src=\"http:\/\/antoinetome.fr\/wp-content\/uploads\/2026\/01\/498221850_2441703082866739_917982448987360062_n-690x1024.jpg\" alt=\"\" class=\"wp-image-1495 size-full\" srcset=\"https:\/\/antoinetome.fr\/wp-content\/uploads\/2026\/01\/498221850_2441703082866739_917982448987360062_n-690x1024.jpg 690w, https:\/\/antoinetome.fr\/wp-content\/uploads\/2026\/01\/498221850_2441703082866739_917982448987360062_n-202x300.jpg 202w, https:\/\/antoinetome.fr\/wp-content\/uploads\/2026\/01\/498221850_2441703082866739_917982448987360062_n-768x1139.jpg 768w, https:\/\/antoinetome.fr\/wp-content\/uploads\/2026\/01\/498221850_2441703082866739_917982448987360062_n-1036x1536.jpg 1036w, https:\/\/antoinetome.fr\/wp-content\/uploads\/2026\/01\/498221850_2441703082866739_917982448987360062_n.jpg 1080w\" sizes=\"auto, (max-width: 690px) 100vw, 690px\" \/><\/figure><div class=\"wp-block-media-text__content\">\n<h3 class=\"wp-block-heading\"><strong>MOVIES ON THE ROCKS # Edition<\/strong>&nbsp;1<\/h3>\n\n\n\n<p>\u00ab&nbsp;Movies on the rocks&nbsp;\u00bb se d\u00e9roulera les vendredi 8, samedi 9 et dimanche 10 ao\u00fbt 2025 dans la grande salle du cin\u00e9ma convivial de la Tranche.<\/p>\n\n\n\n<p>Ce festival \u00e0 taille humaine (seulement 165 places) vous propose trois jours de bonheur soit six films et six concerts. &nbsp;\u00bb Movies on the rocks &nbsp;\u00bb privil\u00e9gie la convivialit\u00e9, loin tr\u00e8s loin du strass et des paillettes. Pas de blahblah ni de d\u00e9bats interminables mais plus simplement un chouette film et un concert \u00e0 suivre reprenant quelques titres de la BO mais pas que..&nbsp;<strong>Le festival se cl\u00f4turera en force avec le merveilleux songwriter Antoine Tom\u00e9 pour une fiesta finale with guests.<\/strong><\/p>\n<\/div><\/div>\n\n\n\n<p><\/p>\n","protected":false},"excerpt":{"rendered":"<p>Concerts CONCERT Le 11 Mars 2026 \u00e0 20h30au Conn\u00e9table55, rue des Archives 75003 PARIS Entr\u00e9e Libre Chapeau pour les artistes CONCERT Le 18 f\u00e9vrier 2026 \u00e0 20h30au Conn\u00e9table55, rue des Archives 75003 PARIS Entr\u00e9e Libre Chapeau pour les artistes CONCERT Le 10 Septembre 2025 \u00e0 20h30au Conn\u00e9table55, rue des Archives 75003 PARIS Entr\u00e9e Libre Chapeau [&hellip;]<\/p>\n","protected":false},"author":1,"featured_media":0,"parent":0,"menu_order":0,"comment_status":"closed","ping_status":"closed","template":"page-template\/ibtana-page-template.php","meta":{"footnotes":""},"class_list":["post-679","page","type-page","status-publish","hentry"],"_links":{"self":[{"href":"https:\/\/antoinetome.fr\/index.php\/wp-json\/wp\/v2\/pages\/679","targetHints":{"allow":["GET"]}}],"collection":[{"href":"https:\/\/antoinetome.fr\/index.php\/wp-json\/wp\/v2\/pages"}],"about":[{"href":"https:\/\/antoinetome.fr\/index.php\/wp-json\/wp\/v2\/types\/page"}],"author":[{"embeddable":true,"href":"https:\/\/antoinetome.fr\/index.php\/wp-json\/wp\/v2\/users\/1"}],"replies":[{"embeddable":true,"href":"https:\/\/antoinetome.fr\/index.php\/wp-json\/wp\/v2\/comments?post=679"}],"version-history":[{"count":45,"href":"https:\/\/antoinetome.fr\/index.php\/wp-json\/wp\/v2\/pages\/679\/revisions"}],"predecessor-version":[{"id":1516,"href":"https:\/\/antoinetome.fr\/index.php\/wp-json\/wp\/v2\/pages\/679\/revisions\/1516"}],"wp:attachment":[{"href":"https:\/\/antoinetome.fr\/index.php\/wp-json\/wp\/v2\/media?parent=679"}],"curies":[{"name":"wp","href":"https:\/\/api.w.org\/{rel}","templated":true}]}}