{"id":64,"date":"2024-01-29T17:25:46","date_gmt":"2024-01-29T16:25:46","guid":{"rendered":"https:\/\/antoinetome.fr\/?page_id=64"},"modified":"2024-02-11T11:43:48","modified_gmt":"2024-02-11T10:43:48","slug":"theatre","status":"publish","type":"page","link":"https:\/\/antoinetome.fr\/index.php\/theatre\/","title":{"rendered":"Th\u00e9\u00e2tre"},"content":{"rendered":"\n<p><\/p>\n\n\n\n<figure class=\"wp-block-table\"><table class=\"has-luminous-vivid-amber-background-color has-background\"><tbody><tr><td class=\"has-text-align-center\" data-align=\"center\"><strong>Th\u00e9\u00e2tre<\/strong><\/td><\/tr><\/tbody><\/table><\/figure>\n\n\n\n<figure class=\"wp-block-embed is-type-video is-provider-youtube wp-block-embed-youtube wp-embed-aspect-16-9 wp-has-aspect-ratio\"><div class=\"wp-block-embed__wrapper\">\n<iframe loading=\"lazy\" title=\"Antoine Tom\u00e9 - Com\u00e9dien - Showreel Th\u00e9\u00e2tre\" width=\"640\" height=\"360\" src=\"https:\/\/www.youtube.com\/embed\/3ZjZprSnppQ?feature=oembed\" frameborder=\"0\" allow=\"accelerometer; autoplay; clipboard-write; encrypted-media; gyroscope; picture-in-picture; web-share\" referrerpolicy=\"strict-origin-when-cross-origin\" allowfullscreen><\/iframe>\n<\/div><figcaption class=\"wp-element-caption\"><strong>ANTOINE TOM\u00c9 AU TH\u00c9\u00c2TRE<\/strong><\/figcaption><\/figure>\n\n\n\n<p>Voici la th\u00e9\u00e2trographie d\u2019Antoine Tom\u00e9 ainsi que des extraits de pi\u00e8ces de th\u00e9\u00e2tre. Vous pouvez \u00e9galement voir les clips vid\u00e9os ou autres bandes-d\u00e9mos sur la cha\u00eene Youtube d\u2019Antoine Tom\u00e9.<\/p>\n\n\n\n<p><a href=\"https:\/\/www.youtube.com\/channel\/UCR16U_tsZ9nCfqpIKQKtY9A\" target=\"_blank\" rel=\"noreferrer noopener\"><strong>CHAINE YOUTUBE<\/strong><\/a><\/p>\n\n\n\n<p><strong>TH\u00c9\u00c2TROGRAPHIE D\u2019ANTOINE TOM\u00c9: <\/strong><\/p>\n\n\n\n<div class=\"wp-block-media-text is-stacked-on-mobile\"><figure class=\"wp-block-media-text__media\"><img loading=\"lazy\" decoding=\"async\" width=\"800\" height=\"600\" src=\"https:\/\/antoinetome.fr\/wp-content\/uploads\/2024\/01\/farwest-1.jpg\" alt=\"\" class=\"wp-image-155 size-full\" srcset=\"https:\/\/antoinetome.fr\/wp-content\/uploads\/2024\/01\/farwest-1.jpg 800w, https:\/\/antoinetome.fr\/wp-content\/uploads\/2024\/01\/farwest-1-300x225.jpg 300w, https:\/\/antoinetome.fr\/wp-content\/uploads\/2024\/01\/farwest-1-768x576.jpg 768w\" sizes=\"auto, (max-width: 800px) 100vw, 800px\" \/><\/figure><div class=\"wp-block-media-text__content\">\n<p><strong>Far West<\/strong><br>Joue l\u2019Indien Shaman \u2013 Mis en sc\u00e8ne par La Compagnie Jo Bithume<br>En 2012 \u2013 2013. Spectacle de rue, Plusieurs repr\u00e9sentations dans des festivals en Allemagne et Autriche ( Delmot, Graz, etc\u2026)<\/p>\n<\/div><\/div>\n\n\n\n<p><strong><br><\/strong><\/p>\n\n\n\n<div class=\"wp-block-group\"><div class=\"wp-block-group__inner-container is-layout-constrained wp-block-group-is-layout-constrained\">\n<div class=\"wp-block-columns is-layout-flex wp-container-core-columns-is-layout-9d6595d7 wp-block-columns-is-layout-flex\">\n<div class=\"wp-block-column is-layout-flow wp-block-column-is-layout-flow\">\n<p><strong>La nuit est aussi un soleil<\/strong><br>Joue G\u00e9n\u00e9ral Verdugo \u2013 De Fernando Arrabal \u2013 Mis en sc\u00e8ne par V\u00e9ronique SELTZ. Assist\u00e9e de Jean-Luc Voyeux<br>Th\u00e9\u00e2tre des Deux R\u00eaves&nbsp;(Paris) en 2008<\/p>\n\n\n\n<p><strong><br>La d\u00e9charge<br><\/strong>de Pierre Veil<\/p>\n\n\n\n<p><strong><br>L\u2019envol<br><\/strong>de Carlotta Clerici<br>Vingti\u00e8me Th\u00e9\u00e2tre&nbsp;(Paris)<\/p>\n\n\n\n<p><strong><br>Les col\u00e8res d\u2019Aristide<\/strong><br>Joue plusieurs r\u00f4les \u2013 d\u2019Antoine Tom\u00e9<br>Jou\u00e9 \u00e0 Paris et en Province<\/p>\n\n\n\n<p><strong><br>L\u2019envout\u00e9<\/strong><br>d\u2019Odille Robert<strong><br>Sous le toit du ciel<\/strong><br>de Jean Marc Gueiroux<\/p>\n\n\n\n<p><strong><br>La r\u00e9volution du jeu<\/strong><br>De Daniel Clark et Dominique Marge<br>Jou\u00e9 \u00e0 Paris et en Province tout au long de l\u2019ann\u00e9e 1989<\/p>\n\n\n\n<p><strong><br>La gloire des filles \u00e0 Magloire<\/strong><br>D\u2019Andr\u00e9 Ricard \u2013 Mis en sc\u00e8ne par Alice Pomerleau<br>Qu\u00e9bec, avec la troupe des zybrides.<br>A&nbsp;travaill\u00e9&nbsp;avec cette troupe de 1992 \u00e0 1995<\/p>\n\n\n\n<p><strong><br>T\u00eate d\u2019Or<\/strong><br>Joue Cassius de Paul Claudel \u2013 Mis en sc\u00e8ne par Yvan Garrouel<br>Th\u00e9\u00e2tre du Nord-Ouest, saisons 2003-2005<\/p>\n\n\n\n<p><strong><br>l\u2019Alibi d\u2019Alibaba<\/strong><br>Joue plusieurs r\u00f4les \u2013 De Florian Fauvernier<br>Jou\u00e9 r\u00e9guli\u00e8rement depuis sa cr\u00e9ation en 2003<\/p>\n\n\n\n<p><strong><br>Les faibles de La Fontaine<\/strong><br>Joue plusieurs r\u00f4les \u2013 De Florian Fauvernier<br>Jou\u00e9 r\u00e9guli\u00e8rement depuis sa cr\u00e9ation en 2002<\/p>\n\n\n\n<p><strong><br>S\u00e9ries en d\u00e9lires<\/strong><br>De Flavie Le Boucher et Fabrice Lelyon \u2013 Mis en sc\u00e8ne par Xavier Letourneur<br>Jou\u00e9 \u00e0 2 reprises au \u00ab&nbsp;M\u00e9lo d\u2019Am\u00e9lie&nbsp;\u00bb puis du lundi au samedi, au \u00ab&nbsp;Th\u00e9atre d\u2019Edgar&nbsp;\u00bb d\u2019Avril \u00e0 Novembre 2009.<\/p>\n\n\n\n<p><strong><br>Le Droit Du Seigneur<\/strong><br>De Voltaire \u2013 Mis en sc\u00e8ne par Fr\u00e9d\u00e9ric Souterelle<br>Jou\u00e9 en 2008 \u00e0 Fernet-Voltaire et St Genis (villes marqu\u00e9es par l\u2019empreinte de Voltaire)<\/p>\n\n\n\n<p><strong><br>La guerre civile<\/strong><br>Joue Pomp\u00e9e \u2013 De Henry De Montherlant \u2013 Mis en sc\u00e8ne par Laurent Pittigliano<br>Saison 2007 au Th\u00e9atre du Nord-Ouest<\/p>\n\n\n\n<div class=\"wp-block-columns is-layout-flex wp-container-core-columns-is-layout-9d6595d7 wp-block-columns-is-layout-flex\">\n<div class=\"wp-block-column is-layout-flow wp-block-column-is-layout-flow\">\n<figure class=\"wp-block-image size-full\"><img loading=\"lazy\" decoding=\"async\" width=\"185\" height=\"260\" src=\"http:\/\/antoinetome.fr\/wp-content\/uploads\/2024\/02\/theatre1.jpg\" alt=\"\" class=\"wp-image-920\"\/><\/figure>\n<\/div>\n\n\n\n<div class=\"wp-block-column is-layout-flow wp-block-column-is-layout-flow\">\n<figure class=\"wp-block-image size-full\"><img loading=\"lazy\" decoding=\"async\" width=\"474\" height=\"670\" src=\"http:\/\/antoinetome.fr\/wp-content\/uploads\/2024\/02\/theatre2.jpg\" alt=\"\" class=\"wp-image-921\" srcset=\"https:\/\/antoinetome.fr\/wp-content\/uploads\/2024\/02\/theatre2.jpg 474w, https:\/\/antoinetome.fr\/wp-content\/uploads\/2024\/02\/theatre2-212x300.jpg 212w\" sizes=\"auto, (max-width: 474px) 100vw, 474px\" \/><\/figure>\n<\/div>\n<\/div>\n<\/div>\n\n\n\n<div class=\"wp-block-column is-layout-flow wp-block-column-is-layout-flow\">\n<figure class=\"wp-block-embed is-type-video is-provider-youtube wp-block-embed-youtube wp-embed-aspect-4-3 wp-has-aspect-ratio\"><div class=\"wp-block-embed__wrapper\">\n<iframe loading=\"lazy\" title=\"Extraits pi\u00e8ce de th\u00e9\u00e2tre &quot;le droit du seigneur&quot;\" width=\"640\" height=\"480\" src=\"https:\/\/www.youtube.com\/embed\/k_n_7SfGaN4?feature=oembed\" frameborder=\"0\" allow=\"accelerometer; autoplay; clipboard-write; encrypted-media; gyroscope; picture-in-picture; web-share\" referrerpolicy=\"strict-origin-when-cross-origin\" allowfullscreen><\/iframe>\n<\/div><\/figure>\n\n\n\n<figure class=\"wp-block-embed is-type-video is-provider-youtube wp-block-embed-youtube wp-embed-aspect-4-3 wp-has-aspect-ratio\"><div class=\"wp-block-embed__wrapper\">\n<iframe loading=\"lazy\" title=\"Extraits pi\u00e8ce de th\u00e9\u00e2tre &quot;le droit du seigneur&quot;\" width=\"640\" height=\"480\" src=\"https:\/\/www.youtube.com\/embed\/k_n_7SfGaN4?feature=oembed\" frameborder=\"0\" allow=\"accelerometer; autoplay; clipboard-write; encrypted-media; gyroscope; picture-in-picture; web-share\" referrerpolicy=\"strict-origin-when-cross-origin\" allowfullscreen><\/iframe>\n<\/div><\/figure>\n\n\n\n<figure class=\"wp-block-embed is-type-video is-provider-youtube wp-block-embed-youtube wp-embed-aspect-4-3 wp-has-aspect-ratio\"><div class=\"wp-block-embed__wrapper\">\n<iframe loading=\"lazy\" title=\"Extrait de la pi\u00e8ce de th\u00e9\u00e2tre &quot;la guerre civile&quot;\" width=\"640\" height=\"480\" src=\"https:\/\/www.youtube.com\/embed\/6Wn94A2KUhI?feature=oembed\" frameborder=\"0\" allow=\"accelerometer; autoplay; clipboard-write; encrypted-media; gyroscope; picture-in-picture; web-share\" referrerpolicy=\"strict-origin-when-cross-origin\" allowfullscreen><\/iframe>\n<\/div><\/figure>\n\n\n\n<figure class=\"wp-block-embed is-type-video is-provider-youtube wp-block-embed-youtube wp-embed-aspect-4-3 wp-has-aspect-ratio\"><div class=\"wp-block-embed__wrapper\">\n<iframe loading=\"lazy\" title=\"Extrait de la pi\u00e8ce de th\u00e9\u00e2tre &quot;S\u00e9ries en d\u00e9lires.&quot;\" width=\"640\" height=\"480\" src=\"https:\/\/www.youtube.com\/embed\/9tmOPxzx0uk?feature=oembed\" frameborder=\"0\" allow=\"accelerometer; autoplay; clipboard-write; encrypted-media; gyroscope; picture-in-picture; web-share\" referrerpolicy=\"strict-origin-when-cross-origin\" allowfullscreen><\/iframe>\n<\/div><\/figure>\n\n\n\n<figure class=\"wp-block-image size-full\"><img loading=\"lazy\" decoding=\"async\" width=\"800\" height=\"600\" src=\"https:\/\/antoinetome.fr\/wp-content\/uploads\/2024\/01\/farwest-2.jpg\" alt=\"\" class=\"wp-image-159\" srcset=\"https:\/\/antoinetome.fr\/wp-content\/uploads\/2024\/01\/farwest-2.jpg 800w, https:\/\/antoinetome.fr\/wp-content\/uploads\/2024\/01\/farwest-2-300x225.jpg 300w, https:\/\/antoinetome.fr\/wp-content\/uploads\/2024\/01\/farwest-2-768x576.jpg 768w\" sizes=\"auto, (max-width: 800px) 100vw, 800px\" \/><\/figure>\n\n\n\n<p>Far West<\/p>\n\n\n\n<figure class=\"wp-block-image size-full\"><img loading=\"lazy\" decoding=\"async\" width=\"800\" height=\"600\" src=\"http:\/\/antoinetome.fr\/wp-content\/uploads\/2024\/01\/image.jpeg\" alt=\"L\u2019attribut alt de cette image est vide, son nom de fichier est droitsduseigneur.jpg.\" class=\"wp-image-157\" srcset=\"https:\/\/antoinetome.fr\/wp-content\/uploads\/2024\/01\/image.jpeg 800w, https:\/\/antoinetome.fr\/wp-content\/uploads\/2024\/01\/image-300x225.jpeg 300w, https:\/\/antoinetome.fr\/wp-content\/uploads\/2024\/01\/image-768x576.jpeg 768w\" sizes=\"auto, (max-width: 800px) 100vw, 800px\" \/><\/figure>\n\n\n\n<p>Le Droit du Seigneur <\/p>\n<\/div>\n<\/div>\n<\/div><\/div>\n\n\n\n<p><a href=\"https:\/\/www.antoinetome.fr\/wp-content\/uploads\/2013\/10\/vignette-farwest.jpg\"><\/a><\/p>\n\n\n\n<p><a href=\"https:\/\/www.antoinetome.fr\/wp-content\/uploads\/2013\/10\/vignette-droitduseigneur.jpg\"><\/a><\/p>\n","protected":false},"excerpt":{"rendered":"<p>Th\u00e9\u00e2tre Voici la th\u00e9\u00e2trographie d\u2019Antoine Tom\u00e9 ainsi que des extraits de pi\u00e8ces de th\u00e9\u00e2tre. Vous pouvez \u00e9galement voir les clips vid\u00e9os ou autres bandes-d\u00e9mos sur la cha\u00eene Youtube d\u2019Antoine Tom\u00e9. CHAINE YOUTUBE TH\u00c9\u00c2TROGRAPHIE D\u2019ANTOINE TOM\u00c9: Far WestJoue l\u2019Indien Shaman \u2013 Mis en sc\u00e8ne par La Compagnie Jo BithumeEn 2012 \u2013 2013. Spectacle de rue, Plusieurs [&hellip;]<\/p>\n","protected":false},"author":1,"featured_media":0,"parent":0,"menu_order":0,"comment_status":"closed","ping_status":"closed","template":"page-template\/ibtana-page-template.php","meta":{"footnotes":""},"class_list":["post-64","page","type-page","status-publish","hentry"],"_links":{"self":[{"href":"https:\/\/antoinetome.fr\/index.php\/wp-json\/wp\/v2\/pages\/64","targetHints":{"allow":["GET"]}}],"collection":[{"href":"https:\/\/antoinetome.fr\/index.php\/wp-json\/wp\/v2\/pages"}],"about":[{"href":"https:\/\/antoinetome.fr\/index.php\/wp-json\/wp\/v2\/types\/page"}],"author":[{"embeddable":true,"href":"https:\/\/antoinetome.fr\/index.php\/wp-json\/wp\/v2\/users\/1"}],"replies":[{"embeddable":true,"href":"https:\/\/antoinetome.fr\/index.php\/wp-json\/wp\/v2\/comments?post=64"}],"version-history":[{"count":14,"href":"https:\/\/antoinetome.fr\/index.php\/wp-json\/wp\/v2\/pages\/64\/revisions"}],"predecessor-version":[{"id":927,"href":"https:\/\/antoinetome.fr\/index.php\/wp-json\/wp\/v2\/pages\/64\/revisions\/927"}],"wp:attachment":[{"href":"https:\/\/antoinetome.fr\/index.php\/wp-json\/wp\/v2\/media?parent=64"}],"curies":[{"name":"wp","href":"https:\/\/api.w.org\/{rel}","templated":true}]}}