{"id":41,"date":"2024-01-29T17:14:28","date_gmt":"2024-01-29T16:14:28","guid":{"rendered":"https:\/\/antoinetome.fr\/?page_id=41"},"modified":"2024-02-09T15:06:05","modified_gmt":"2024-02-09T14:06:05","slug":"biographie","status":"publish","type":"page","link":"https:\/\/antoinetome.fr\/index.php\/biographie\/","title":{"rendered":"Biographie"},"content":{"rendered":"\n<p><\/p>\n\n\n\n<figure class=\"wp-block-table has-medium-font-size\"><table class=\"has-luminous-vivid-amber-background-color has-background\"><tbody><tr><td class=\"has-text-align-center\" data-align=\"center\"><strong>Biographie<\/strong><\/td><\/tr><\/tbody><\/table><\/figure>\n\n\n\n<p><strong>D\u00c9BUTS<\/strong><\/p>\n\n\n\n<p>Antoine Tom\u00e9 est n\u00e9 en Auvergne de parents espagnols. Pas de f\u00e9es pench\u00e9es sur son berceau, mais mieux que cel\u00e0, un p\u00e8re et une m\u00e8re aimants . L\u2019un, Gerardo, ouvrier dans une aci\u00e9rie, jouait merveilleusement de l\u2019accord\u00e9on, et l\u2019autre, F\u00e9lipa, Femme au Foyer, chantait divinement d\u2019une voix au timbre incomparable.<\/p>\n\n\n\n<p>Antoine, et Ariel, son fr\u00e8re ain\u00e9 ( qui est devenu un chanteur de blues et un exceptionnel harmoniciste\u2026) furent nourris toute leur enfance par cette manne musicale\u2026<\/p>\n\n\n\n<p>Tout petit d\u00e9j\u00e0, Antoine peignait, dessinait, et il composa sa&nbsp;premi\u00e8re chanson \u00e0 l\u2019age de 13 ans&nbsp;(Il n\u2019a pas cess\u00e9 depuis, et dans ses cartons se sont accumul\u00e9es des centaines de pr\u00e9cieux enregistrements, bandes magn\u00e9tiques et cds aux contenus inestimables !)<\/p>\n\n\n\n<p><strong>TH\u00c9\u00c2TRE<\/strong><\/p>\n\n\n\n<p>Le&nbsp;Th\u00e9atre&nbsp;vint \u00e0 sa rencontre alors qu\u2019il \u00e9tait encore lyc\u00e9en \u00e0 Clermont Ferrand. Il joua le role de H\u00e9mon, fils de Cr\u00e9on, dans l\u2019Antigone d\u2019Anouilh, et ce fut pour lui une r\u00e9v\u00e9lation !&nbsp;<br>Il d\u00e9cida de devenir Com\u00e9dien, et commen\u00e7a \u00e0 participer aux cr\u00e9ations de la troupe Clermontoise de M. Weill, avec laquelle il donna quelques repr\u00e9sentations.&nbsp;<br>Puis il entra au conservatoire dirig\u00e9 par le regrett\u00e9 Monsieur Vigne.&nbsp;<br>Un an plus tard, il en sortit avec un&nbsp;premier prix de com\u00e9die moderne, et d\u00e9cida de fonder sa propre troupe : \u00ab&nbsp;Les Col\u00e8res d\u2019Aristide&nbsp;\u00bb, pour laquelle il \u00e9crivait lui meme les textes.&nbsp;<br>Il partit s\u2019installer \u00e0 Grenoble avec quelques joyeux compagnons (et gnonnes\u2026) et commen\u00e7a \u00e0 partager avec eux les joies et les vicissitudes de la vie d\u2019Artiste. Ils surv\u00e9cut en faisant des petits boulots et en vendant ses dessins dans la rue (il fit aussi une exposition de ses oeuvres dans une galerie, qu\u2019il illustra sur le plan sonore par des enregistrements multipistes voix-percussions-monocardon, qu\u2019il effectuait, en parfait autodidacte, depuis quelque temps d\u00e9j\u00e0 sur un vieux magn\u00e9tophone de la marque T\u00e9l\u00e9funken\u2026)<\/p>\n\n\n\n<p>Il joua \u00ab&nbsp;Les col\u00e8res d\u2019Aristide&nbsp;\u00bb \u00e0 Grenoble, \u00e0 l\u2019Alpe d\u2019Huez, \u00e0 Amiens\u2026 et enfin \u00e0 Paris ! (La \u00ab&nbsp;troupe&nbsp;\u00bb avait chang\u00e9 entre temps, et Antoine avait choisi ses nouveaux partenaires parmi des artistes rencontr\u00e9s dans la capitale, o\u00f9 il \u00e9tait venu seul\u2026) Il survivait en vendant ses dessins dans la rue ou en chantant dans les restaurants, accompagn\u00e9 par son fid\u00e8le \u00ab&nbsp;monocardon&nbsp;\u00bb (instrument \u00e0 une seule corde qui allait \u00e9voluer en fonction de la progression de la technique vocale mise au point par Antoine, vers le \u00ab&nbsp;bicardon&nbsp;\u00bb \u2013 2 cordes \u2013 puis, enfin, le \u00ab&nbsp;tricardon&nbsp;\u00bb -3 cordes, la perfection !-) et dormait tant\u00f4t sous les ponts, tant\u00f4t&nbsp;h\u00e9berg\u00e9 par&nbsp;d\u2019aimables berg\u00e8res\u2026<\/p>\n\n\n\n<p><strong>MUSIQUE<\/strong><\/p>\n\n\n\n<p>Il a contact\u00e9 \u00e0 cette \u00e9poque, divers labels, et finalement, c\u2019est Moshe Naim ( Mosh\u00e9 nous a h\u00e9las quitt\u00e9 en 2014 ) le producteur, entre autres, des premiers albums de Paco Ibanez, qui, int\u00e9ress\u00e9 par le contenu de ses bandes, vint assister \u00e0 un spectacle solo qu\u2019il donnait \u00e0 \u00ab\u00a0La Vieille Grille\u00a0\u00bb (g\u00e9r\u00e9e, \u00e0 l\u2019\u00e9poque, par le regrett\u00e9 Maurice Alezra) et lui proposa, apr\u00e8s ce spectacle, de produire son 1er album : \u00ab\u00a0Les Chants Du Coeur\u00a0\u00bb.\u00a0<br>Apr\u00e8s cette rencontre et ce premier disque (paru en 1977) Antoine n\u2019a pas cess\u00e9 de travailler dans les domaines qu\u2019il\u00a0 affectionne : La musique (une dizaine d\u2019albums\u00a0et de\u00a0nombreux spectacles\u00a0\u00e0 son actif)\u00a0le Th\u00e9atre\u00a0(des collaborations avec diverse troupes et metteurs en sc\u00e8ne, en\u00a0France\u00a0et\u00a0au Qu\u00e9bec).<\/p>\n\n\n\n<p>&#8211; Des tournages aussi (petits roles dans des\u00a0films\u00a0ou des\u00a0s\u00e9ries t\u00e9l\u00e9vis\u00e9es) et , bien sur, le Doublage !<\/p>\n\n\n\n<p>Il a doubl\u00e9 John Travolta \u00e0 plusieurs reprises,et de nombreux autres grands com\u00e9diens am\u00e9ricains (consultez ses bandes d\u00e9mo pour vous faire une id\u00e9e !) il est \u00e9galement une voix incontournable du dessin anim\u00e9 et des jeux vid\u00e9o.<\/p>\n\n\n\n<p>&nbsp;Par ailleurs, il intervient souvent dans les publicit\u00e9s et les narrations de documentaires.<\/p>\n\n\n\n<p><strong>CHANT<\/strong><\/p>\n\n\n\n<p>Chanteur \u00e0 texte, il utilise aussi r\u00e9guli\u00e8rement des onomatop\u00e9e et ce qu\u2019il appelle sa \u00ab\u00a0langue personnelle\u00a0\u00bb \u00e0 travers laquelle il raconte des histoires et exprime toutes sortes d\u2019\u00e9motions, une sorte de \u00ab\u00a0langue magique\u00a0\u00bb, sans sujet ni verbe, une sorte de po\u00e9sie des sons.<br>Cela lui valut \u00e0 ses d\u00e9buts l\u2019estime d\u2019une partie de la presse sp\u00e9cialis\u00e9e, comme en t\u00e9moigne l\u2019article \u00ab\u00a0Le griot au visage p\u00e2le\u00a0\u00bb paru dans Le Monde de la musique : \u00ab Antoine Tom\u00e9 chante des images de r\u00eave, impalpables et flagrantes. Quand il se sert des mots, ses mots ont la force de l\u2019extr\u00eame d\u00e9pouillement. Quand les mots n\u2019ont plus d\u2019importance, il en fabrique qu\u2019on appelle onomatop\u00e9es, et qui battent comme la traduction audible d\u2019un langage souterrain, n\u00e9 de la m\u00eame pulsation envo\u00fbt\u00e9e que les percussions qui l\u2019entourent. Il y a quelque chose d\u2019africain l\u00e0-dedans, et Tom\u00e9 s\u2019accompagne en tissant des rythmes obs\u00e9dants sur une guitare \u00e0 deux cordes, ce qui lui donne des airs de griot au visage p\u00e2le. Rythme, silence, \u00e2me musicale et \u00e2me vocale, son langage n\u2019est pas d\u2019ici, il n\u2019est pas d\u2019ailleurs non plus. D\u2019ailleurs, Tom\u00e9 est n\u00e9 dans le Puy-de-D\u00f4me. Preuve qu\u2019il n\u2019est pas besoin d\u2019\u00eatre \u00e9cras\u00e9 de soleil pour s\u2019adonner \u00e0 la magie.\u00a0\u00bb<\/p>\n\n\n\n<p>Apr\u00e8s la faillite de la maison de disque de Moshe Naim, (Qui r\u00e9\u00e9dita tout de meme \u00ab\u00a0Les Chants Du Coeur\u00a0\u00bb en 1995 \u2013 Les derniers exemplaires de cette r\u00e9\u00e9dition peuvent etre achet\u00e9s \u00e0 la page \u00ab\u00a0albums et ouvrages\u00a0\u00bb de ce site-), Antoine Tom\u00e9 enregistra \u00ab\u00a0Innocence\u00a0\u00bb pour la maison de disques \u00ab\u00a0Argile\u00a0\u00bb en 1979 (anecdote : Il fut rep\u00e9r\u00e9 par Philippe Gallois-Montbrun, directeur du label \u00ab\u00a0Argile\u00a0\u00bb, alors qu\u2019il chantait pour faire la manche, avec son monocardon, dans un restaurant chinois o\u00f9 Philippe dinait !)<\/p>\n\n\n\n<p><strong>ALBUMS<\/strong><\/p>\n\n\n\n<p>Il enregistra ensuite trois albums pour Flarenasch dans les ann\u00e9es 1980 puis, en 1990, c\u2019est Chandelle production, structure de Francis Cabrel, qui produisit son album \u00ab&nbsp;\u00c9ternit\u00e9&nbsp;\u00bb. Le chanteur dit d\u2019ailleurs \u00e0 son propos \u00ab J\u2019aime la grande puret\u00e9 de ses \u00e9critures ; chez lui, pas de blues, aucun reproche, aucune peine\u2026 Sa route est faite de transparences et de belles lumi\u00e8res. &nbsp;\u00bb&nbsp;<br><br>Il y eut ensuite<\/p>\n\n\n\n<p>\u00ab&nbsp;Voyages&nbsp;\u00bb chez \u00ab&nbsp;La Boutique Productions&nbsp;\u00bb,<br>\u00ab&nbsp;Vivant&nbsp;\u00bb(Live \u00e0 La Maroquinerie -DoD\u00e9Ka productions-)<br>\u00ab&nbsp;Romantique Tubes, Volume Z\u00e9ro&nbsp;\u00bb(ALMDB prod)<br>&nbsp;\u00ab&nbsp;As tu d\u00e9j\u00e0 parl\u00e9 \u00e0 un arbre ?&nbsp;\u00bb(SoandUs)<br><br>Et d\u2019autres en pr\u00e9paration\u2026<\/p>\n","protected":false},"excerpt":{"rendered":"<p>Biographie D\u00c9BUTS Antoine Tom\u00e9 est n\u00e9 en Auvergne de parents espagnols. Pas de f\u00e9es pench\u00e9es sur son berceau, mais mieux que cel\u00e0, un p\u00e8re et une m\u00e8re aimants . L\u2019un, Gerardo, ouvrier dans une aci\u00e9rie, jouait merveilleusement de l\u2019accord\u00e9on, et l\u2019autre, F\u00e9lipa, Femme au Foyer, chantait divinement d\u2019une voix au timbre incomparable. Antoine, et Ariel, [&hellip;]<\/p>\n","protected":false},"author":1,"featured_media":0,"parent":0,"menu_order":0,"comment_status":"closed","ping_status":"closed","template":"page-template\/ibtana-page-template.php","meta":{"footnotes":""},"class_list":["post-41","page","type-page","status-publish","hentry"],"_links":{"self":[{"href":"https:\/\/antoinetome.fr\/index.php\/wp-json\/wp\/v2\/pages\/41","targetHints":{"allow":["GET"]}}],"collection":[{"href":"https:\/\/antoinetome.fr\/index.php\/wp-json\/wp\/v2\/pages"}],"about":[{"href":"https:\/\/antoinetome.fr\/index.php\/wp-json\/wp\/v2\/types\/page"}],"author":[{"embeddable":true,"href":"https:\/\/antoinetome.fr\/index.php\/wp-json\/wp\/v2\/users\/1"}],"replies":[{"embeddable":true,"href":"https:\/\/antoinetome.fr\/index.php\/wp-json\/wp\/v2\/comments?post=41"}],"version-history":[{"count":5,"href":"https:\/\/antoinetome.fr\/index.php\/wp-json\/wp\/v2\/pages\/41\/revisions"}],"predecessor-version":[{"id":790,"href":"https:\/\/antoinetome.fr\/index.php\/wp-json\/wp\/v2\/pages\/41\/revisions\/790"}],"wp:attachment":[{"href":"https:\/\/antoinetome.fr\/index.php\/wp-json\/wp\/v2\/media?parent=41"}],"curies":[{"name":"wp","href":"https:\/\/api.w.org\/{rel}","templated":true}]}}