{"id":37,"date":"2024-01-29T17:12:49","date_gmt":"2024-01-29T16:12:49","guid":{"rendered":"https:\/\/antoinetome.fr\/?page_id=37"},"modified":"2024-02-11T10:37:41","modified_gmt":"2024-02-11T09:37:41","slug":"comedien","status":"publish","type":"page","link":"https:\/\/antoinetome.fr\/index.php\/comedien\/","title":{"rendered":"Com\u00e9dien"},"content":{"rendered":"\n<p><\/p>\n\n\n\n<figure class=\"wp-block-table has-medium-font-size\"><table class=\"has-luminous-vivid-amber-background-color has-background\"><tbody><tr><td class=\"has-text-align-center\" data-align=\"center\"><strong>Com\u00e9dien<\/strong><\/td><\/tr><\/tbody><\/table><\/figure>\n\n\n\n<div class=\"wp-block-columns is-layout-flex wp-container-core-columns-is-layout-9d6595d7 wp-block-columns-is-layout-flex\">\n<div class=\"wp-block-column is-vertically-aligned-stretch is-layout-flow wp-block-column-is-layout-flow\"><div class=\"wp-block-image\">\n<figure data-wp-context=\"{&quot;imageId&quot;:&quot;69dc12321842c&quot;}\" data-wp-interactive=\"core\/image\" data-wp-key=\"69dc12321842c\" class=\"aligncenter size-medium is-resized wp-lightbox-container\"><img loading=\"lazy\" decoding=\"async\" width=\"240\" height=\"300\" data-wp-class--hide=\"state.isContentHidden\" data-wp-class--show=\"state.isContentVisible\" data-wp-init=\"callbacks.setButtonStyles\" data-wp-on--click=\"actions.showLightbox\" data-wp-on--load=\"callbacks.setButtonStyles\" data-wp-on-window--resize=\"callbacks.setButtonStyles\" src=\"https:\/\/antoinetome.fr\/wp-content\/uploads\/2024\/02\/buron-240x300.jpg\" alt=\"\" class=\"wp-image-905\" style=\"aspect-ratio:3\/4;object-fit:contain;width:417px;height:auto\" srcset=\"https:\/\/antoinetome.fr\/wp-content\/uploads\/2024\/02\/buron-240x300.jpg 240w, https:\/\/antoinetome.fr\/wp-content\/uploads\/2024\/02\/buron-819x1024.jpg 819w, https:\/\/antoinetome.fr\/wp-content\/uploads\/2024\/02\/buron-768x960.jpg 768w, https:\/\/antoinetome.fr\/wp-content\/uploads\/2024\/02\/buron-1229x1536.jpg 1229w, https:\/\/antoinetome.fr\/wp-content\/uploads\/2024\/02\/buron.jpg 1638w\" sizes=\"auto, (max-width: 240px) 100vw, 240px\" \/><button\n\t\t\tclass=\"lightbox-trigger\"\n\t\t\ttype=\"button\"\n\t\t\taria-haspopup=\"dialog\"\n\t\t\taria-label=\"Agrandir\"\n\t\t\tdata-wp-init=\"callbacks.initTriggerButton\"\n\t\t\tdata-wp-on--click=\"actions.showLightbox\"\n\t\t\tdata-wp-style--right=\"state.imageButtonRight\"\n\t\t\tdata-wp-style--top=\"state.imageButtonTop\"\n\t\t>\n\t\t\t<svg xmlns=\"http:\/\/www.w3.org\/2000\/svg\" width=\"12\" height=\"12\" fill=\"none\" viewBox=\"0 0 12 12\">\n\t\t\t\t<path fill=\"#fff\" d=\"M2 0a2 2 0 0 0-2 2v2h1.5V2a.5.5 0 0 1 .5-.5h2V0H2Zm2 10.5H2a.5.5 0 0 1-.5-.5V8H0v2a2 2 0 0 0 2 2h2v-1.5ZM8 12v-1.5h2a.5.5 0 0 0 .5-.5V8H12v2a2 2 0 0 1-2 2H8Zm2-12a2 2 0 0 1 2 2v2h-1.5V2a.5.5 0 0 0-.5-.5H8V0h2Z\" \/>\n\t\t\t<\/svg>\n\t\t<\/button><\/figure>\n<\/div><\/div>\n\n\n\n<div class=\"wp-block-column is-vertically-aligned-stretch is-layout-flow wp-block-column-is-layout-flow\">\n<p>Retrouvez l\u2019Acteur Antoine Tom\u00e9 sur Amazon Prime, dans LE BURON, film de L\u00e9o Pons, doublement prim\u00e9 \u00e0 Hollywood<\/p>\n\n\n\n<figure class=\"wp-block-image size-full\"><img loading=\"lazy\" decoding=\"async\" width=\"820\" height=\"547\" src=\"http:\/\/antoinetome.fr\/wp-content\/uploads\/2024\/02\/buron2.jpg\" alt=\"\" class=\"wp-image-907\" srcset=\"https:\/\/antoinetome.fr\/wp-content\/uploads\/2024\/02\/buron2.jpg 820w, https:\/\/antoinetome.fr\/wp-content\/uploads\/2024\/02\/buron2-300x200.jpg 300w, https:\/\/antoinetome.fr\/wp-content\/uploads\/2024\/02\/buron2-768x512.jpg 768w\" sizes=\"auto, (max-width: 820px) 100vw, 820px\" \/><\/figure>\n<\/div>\n<\/div>\n\n\n\n<p><strong>ANTOINE TOM\u00c9 COM\u00c9DIEN<\/strong><\/p>\n\n\n\n<p>Voici le showreel com\u00e9dien d\u2019Antoine Tom\u00e9 ainsi que la liste de ses derniers tournages. Vous pouvez \u00e9galement vous abonner \u00e0 sa chaine Youtube pour profiter des tous les clips, courts m\u00e9trages et extraits vid\u00e9os.<\/p>\n\n\n\n<p><a href=\"https:\/\/www.youtube.com\/channel\/UCR16U_tsZ9nCfqpIKQKtY9A\" target=\"_blank\" rel=\"noreferrer noopener\"><strong>CHAINE YOUTUBE<\/strong><\/a><\/p>\n\n\n\n<p><strong>DERNIERS TOURNAGES D\u2019ANTOINE TOM\u00c9<\/strong><\/p>\n\n\n\n<p>Ses derniers tournages:<\/p>\n\n\n\n<p>\u2013 Le role de L\u00e9o Doucet, ancien para, dans la s\u00e9rie Leibowicz contre Leibowicz, aux cot\u00e9s de Cl\u00e9mentine C\u00e9lari\u00e9 (2015)\u2026<br>\u2013 Le r\u00f4le de Dominique Maurin, patron de bar gay semeur de trouble dans un \u00e9pisode de la s\u00e9rie \u00ab&nbsp;petits secrets entre voisins&nbsp;\u00bb \u00e9pisode \u00ab&nbsp;T\u2019as le look&nbsp;\u00bb(2014)\u2026<br>\u2013 Le r\u00f4le du guest \u00ab&nbsp;Marcus le Ventriloque&nbsp;\u00bb dans un \u00e9pisode de la s\u00e9rie \u00ab&nbsp;Girlz&nbsp;\u00bb, diffus\u00e9e sur Arte Cr\u00e9ative<br>\u2013 Un r\u00f4le dans un film iranien, avec le r\u00e9alisateur Hassan Fathi et l\u2019\u00e9quipe de \u00ab&nbsp;une s\u00e9paration&nbsp;\u00bb, Yek Rooz Digar ( Je t\u2019aime ) o\u00f9 il joue le role d\u2019Henri, un ancien boxeur bless\u00e9 par la vie qui tente de reconqu\u00e9rir son fils apr\u00e8s 10ans d\u2019absence.<br>\u2013 Un r\u00f4le dans un film fran\u00e7ais : \u00ab&nbsp;Love Love Love&nbsp;\u00bb, de Bruno Mercier, o\u00f9 il est Gueule d\u2019Ange, un truand de 3eme Zone.<br>\u2013 Dans la S\u00e9rie \u00ab&nbsp;Si pr\u00e8s de chez vous&nbsp;\u00bb, dans l\u2019\u00e9pisode \u00ab&nbsp;L\u2019homme de Trop&nbsp;\u00bb, le r\u00f4le du pr\u00e9tendu \u00ab&nbsp;m\u00e9chant&nbsp;\u00bb de l\u2019\u00e9pisode, Un colonel que sa femme cocufie\u2026<br>\u2013 \u00c9galement, pour France 2, il a jou\u00e9 dans la S\u00e9rie \u00ab&nbsp;Le Jour O\u00f9 Tout a bascul\u00e9&nbsp;\u00bb, pour l\u2019\u00e9pisode \u00ab&nbsp;Pr\u00e9jug\u00e9s et V\u00e9rit\u00e9s&nbsp;\u00bb, dans le r\u00f4le d\u2019Eric le boucher, que l\u2019on prend l\u00e0 aussi pour un m\u00e9chant, mais qui va se r\u00e9v\u00e9ler \u00eatre en fait un tendre.<\/p>\n\n\n<div class=\"wp-block-image\">\n<figure class=\"aligncenter size-full is-resized\"><img loading=\"lazy\" decoding=\"async\" width=\"467\" height=\"700\" src=\"https:\/\/antoinetome.fr\/wp-content\/uploads\/2024\/01\/photo-comedien.jpg\" alt=\"\" class=\"wp-image-127\" style=\"width:395px;height:auto\" srcset=\"https:\/\/antoinetome.fr\/wp-content\/uploads\/2024\/01\/photo-comedien.jpg 467w, https:\/\/antoinetome.fr\/wp-content\/uploads\/2024\/01\/photo-comedien-200x300.jpg 200w\" sizes=\"auto, (max-width: 467px) 100vw, 467px\" \/><\/figure>\n<\/div>","protected":false},"excerpt":{"rendered":"<p>Com\u00e9dien Retrouvez l\u2019Acteur Antoine Tom\u00e9 sur Amazon Prime, dans LE BURON, film de L\u00e9o Pons, doublement prim\u00e9 \u00e0 Hollywood ANTOINE TOM\u00c9 COM\u00c9DIEN Voici le showreel com\u00e9dien d\u2019Antoine Tom\u00e9 ainsi que la liste de ses derniers tournages. Vous pouvez \u00e9galement vous abonner \u00e0 sa chaine Youtube pour profiter des tous les clips, courts m\u00e9trages et extraits [&hellip;]<\/p>\n","protected":false},"author":1,"featured_media":0,"parent":0,"menu_order":0,"comment_status":"closed","ping_status":"closed","template":"page-template\/ibtana-page-template.php","meta":{"footnotes":""},"class_list":["post-37","page","type-page","status-publish","hentry"],"_links":{"self":[{"href":"https:\/\/antoinetome.fr\/index.php\/wp-json\/wp\/v2\/pages\/37","targetHints":{"allow":["GET"]}}],"collection":[{"href":"https:\/\/antoinetome.fr\/index.php\/wp-json\/wp\/v2\/pages"}],"about":[{"href":"https:\/\/antoinetome.fr\/index.php\/wp-json\/wp\/v2\/types\/page"}],"author":[{"embeddable":true,"href":"https:\/\/antoinetome.fr\/index.php\/wp-json\/wp\/v2\/users\/1"}],"replies":[{"embeddable":true,"href":"https:\/\/antoinetome.fr\/index.php\/wp-json\/wp\/v2\/comments?post=37"}],"version-history":[{"count":12,"href":"https:\/\/antoinetome.fr\/index.php\/wp-json\/wp\/v2\/pages\/37\/revisions"}],"predecessor-version":[{"id":914,"href":"https:\/\/antoinetome.fr\/index.php\/wp-json\/wp\/v2\/pages\/37\/revisions\/914"}],"wp:attachment":[{"href":"https:\/\/antoinetome.fr\/index.php\/wp-json\/wp\/v2\/media?parent=37"}],"curies":[{"name":"wp","href":"https:\/\/api.w.org\/{rel}","templated":true}]}}