{"id":35,"date":"2024-01-29T17:12:14","date_gmt":"2024-01-29T16:12:14","guid":{"rendered":"https:\/\/antoinetome.fr\/?page_id=35"},"modified":"2024-02-11T09:58:42","modified_gmt":"2024-02-11T08:58:42","slug":"musicien","status":"publish","type":"page","link":"https:\/\/antoinetome.fr\/index.php\/musicien\/","title":{"rendered":"Musicien"},"content":{"rendered":"\n<p><\/p>\n\n\n\n<figure class=\"wp-block-table has-medium-font-size\"><table class=\"has-luminous-vivid-amber-background-color has-background\"><tbody><tr><td class=\"has-text-align-center\" data-align=\"center\"><strong>Un troubadour pour l&rsquo;\u00e9ternit\u00e9<\/strong><\/td><\/tr><\/tbody><\/table><\/figure>\n\n\n\n<div class=\"wp-block-columns is-layout-flex wp-container-core-columns-is-layout-9d6595d7 wp-block-columns-is-layout-flex\">\n<div class=\"wp-block-column is-layout-flow wp-block-column-is-layout-flow\">\n<figure class=\"wp-block-embed is-type-video is-provider-youtube wp-block-embed-youtube wp-embed-aspect-16-9 wp-has-aspect-ratio\"><div class=\"wp-block-embed__wrapper\">\n<iframe loading=\"lazy\" title=\"Antoine Tom\u00e9 - &quot;La nuit te va comme un gant&quot;\" width=\"640\" height=\"360\" src=\"https:\/\/www.youtube.com\/embed\/Dh7CDWH_Ogg?feature=oembed\" frameborder=\"0\" allow=\"accelerometer; autoplay; clipboard-write; encrypted-media; gyroscope; picture-in-picture; web-share\" referrerpolicy=\"strict-origin-when-cross-origin\" allowfullscreen><\/iframe>\n<\/div><\/figure>\n<\/div>\n\n\n\n<div class=\"wp-block-column is-vertically-aligned-center is-layout-flow wp-block-column-is-layout-flow\">\n<p>Antoine Tom\u00e9 se produit r\u00e9guli\u00e8rement en concert, principalement \u00e0 Paris. <\/p>\n<\/div>\n<\/div>\n\n\n\n<div class=\"wp-block-columns is-layout-flex wp-container-core-columns-is-layout-9d6595d7 wp-block-columns-is-layout-flex\">\n<div class=\"wp-block-column is-layout-flow wp-block-column-is-layout-flow\">\n<figure class=\"wp-block-embed is-type-video is-provider-youtube wp-block-embed-youtube wp-embed-aspect-16-9 wp-has-aspect-ratio\"><div class=\"wp-block-embed__wrapper\">\n<iframe loading=\"lazy\" title=\"Antoine Tome JapanTouch 2023\" width=\"640\" height=\"360\" src=\"https:\/\/www.youtube.com\/embed\/N2vE-sjiniw?feature=oembed\" frameborder=\"0\" allow=\"accelerometer; autoplay; clipboard-write; encrypted-media; gyroscope; picture-in-picture; web-share\" referrerpolicy=\"strict-origin-when-cross-origin\" allowfullscreen><\/iframe>\n<\/div><figcaption class=\"wp-element-caption\"><strong>LE TRICARDON<\/strong><br>Qu\u2019est ce que c\u2019est ?<br>Comme vous peut etre (\u00e0 moins que vous passiez par hasard sur ce site\u2026)&nbsp; je connais Antoine TOM\u00c9 , et comme vous peut etre, j\u2019ai entendu et vu&nbsp;&nbsp;&nbsp;&nbsp; le TRICARDON, cet instrument si particulier dont il est le cr\u00e9ateur (c\u2019est aussi parait il, le seul instrument&nbsp; dont il sache jouer -mis \u00e0 part le jeu de cordes vocales dont il se sert si bien !-).<br>Le TRICARDON,est un instrument \u00e0 trois cordes. Le choix des cordes, leur position sur le manche et la mani\u00e8re dont elles sont accord\u00e9es sont essentiels. En premier lieu, c\u2019est la forme du Tricardon qui suscite la curiosit\u00e9, puis son son si particulier \u2026<br>Mais pourquoi et comment Antoine Tom\u00e9 en vint il \u00e0 \u00e9laborer cet \u00e9trange instrument ?&nbsp; \u2026Ces questions (et tant d\u2019autres !) furent pos\u00e9es \u00e0 Antoine lors de ses nombreux concerts.<br>Vous aussi, sans doute, vous vous posez des questions sur ce bizarre instrument \u00e0 cordes ?<\/figcaption><\/figure>\n<\/div>\n\n\n\n<div class=\"wp-block-column is-layout-flow wp-block-column-is-layout-flow\">\n<p>Voici un showcase enregistr\u00e9 \u00e0 la Japan Touch \u00e0 Lyon.<\/p>\n\n\n\n<p> Ici des photos de concerts et, ci dessous, la cha\u00eene Youtube d\u2019Antoine avec tous ses clips. N\u2019h\u00e9sitez pas \u00e0 vous abonner.<\/p>\n\n\n\n<p><a href=\"https:\/\/www.youtube.com\/channel\/UCR16U_tsZ9nCfqpIKQKtY9A\" target=\"_blank\" rel=\"noreferrer noopener\"><strong>CHAINE YOUTUBE<\/strong><\/a><\/p>\n\n\n\n<figure class=\"wp-block-gallery has-nested-images columns-default is-cropped wp-block-gallery-1 is-layout-flex wp-block-gallery-is-layout-flex\">\n<figure class=\"wp-block-image size-large\"><img loading=\"lazy\" decoding=\"async\" width=\"500\" height=\"500\" data-id=\"434\" src=\"https:\/\/antoinetome.fr\/wp-content\/uploads\/2024\/01\/1-2.jpg\" alt=\"\" class=\"wp-image-434\" srcset=\"https:\/\/antoinetome.fr\/wp-content\/uploads\/2024\/01\/1-2.jpg 500w, https:\/\/antoinetome.fr\/wp-content\/uploads\/2024\/01\/1-2-300x300.jpg 300w, https:\/\/antoinetome.fr\/wp-content\/uploads\/2024\/01\/1-2-150x150.jpg 150w\" sizes=\"auto, (max-width: 500px) 100vw, 500px\" \/><\/figure>\n\n\n\n<figure class=\"wp-block-image size-large\"><img loading=\"lazy\" decoding=\"async\" width=\"500\" height=\"500\" data-id=\"433\" src=\"https:\/\/antoinetome.fr\/wp-content\/uploads\/2024\/01\/2-5.jpg\" alt=\"\" class=\"wp-image-433\" srcset=\"https:\/\/antoinetome.fr\/wp-content\/uploads\/2024\/01\/2-5.jpg 500w, https:\/\/antoinetome.fr\/wp-content\/uploads\/2024\/01\/2-5-300x300.jpg 300w, https:\/\/antoinetome.fr\/wp-content\/uploads\/2024\/01\/2-5-150x150.jpg 150w\" sizes=\"auto, (max-width: 500px) 100vw, 500px\" \/><\/figure>\n\n\n\n<figure class=\"wp-block-image size-large\"><img loading=\"lazy\" decoding=\"async\" width=\"500\" height=\"500\" data-id=\"435\" src=\"https:\/\/antoinetome.fr\/wp-content\/uploads\/2024\/01\/3-5.jpg\" alt=\"\" class=\"wp-image-435\" srcset=\"https:\/\/antoinetome.fr\/wp-content\/uploads\/2024\/01\/3-5.jpg 500w, https:\/\/antoinetome.fr\/wp-content\/uploads\/2024\/01\/3-5-300x300.jpg 300w, https:\/\/antoinetome.fr\/wp-content\/uploads\/2024\/01\/3-5-150x150.jpg 150w\" sizes=\"auto, (max-width: 500px) 100vw, 500px\" \/><\/figure>\n\n\n\n<figure class=\"wp-block-image size-large\"><img loading=\"lazy\" decoding=\"async\" width=\"500\" height=\"500\" data-id=\"436\" src=\"https:\/\/antoinetome.fr\/wp-content\/uploads\/2024\/01\/4-5.jpg\" alt=\"\" class=\"wp-image-436\" srcset=\"https:\/\/antoinetome.fr\/wp-content\/uploads\/2024\/01\/4-5.jpg 500w, https:\/\/antoinetome.fr\/wp-content\/uploads\/2024\/01\/4-5-300x300.jpg 300w, https:\/\/antoinetome.fr\/wp-content\/uploads\/2024\/01\/4-5-150x150.jpg 150w\" sizes=\"auto, (max-width: 500px) 100vw, 500px\" \/><\/figure>\n\n\n\n<figure class=\"wp-block-image size-large\"><img loading=\"lazy\" decoding=\"async\" width=\"500\" height=\"500\" data-id=\"437\" src=\"https:\/\/antoinetome.fr\/wp-content\/uploads\/2024\/01\/5-4.jpg\" alt=\"\" class=\"wp-image-437\" srcset=\"https:\/\/antoinetome.fr\/wp-content\/uploads\/2024\/01\/5-4.jpg 500w, https:\/\/antoinetome.fr\/wp-content\/uploads\/2024\/01\/5-4-300x300.jpg 300w, https:\/\/antoinetome.fr\/wp-content\/uploads\/2024\/01\/5-4-150x150.jpg 150w\" sizes=\"auto, (max-width: 500px) 100vw, 500px\" \/><\/figure>\n\n\n\n<figure class=\"wp-block-image size-large\"><img loading=\"lazy\" decoding=\"async\" width=\"500\" height=\"500\" data-id=\"438\" src=\"https:\/\/antoinetome.fr\/wp-content\/uploads\/2024\/01\/6-5.jpg\" alt=\"\" class=\"wp-image-438\" srcset=\"https:\/\/antoinetome.fr\/wp-content\/uploads\/2024\/01\/6-5.jpg 500w, https:\/\/antoinetome.fr\/wp-content\/uploads\/2024\/01\/6-5-300x300.jpg 300w, https:\/\/antoinetome.fr\/wp-content\/uploads\/2024\/01\/6-5-150x150.jpg 150w\" sizes=\"auto, (max-width: 500px) 100vw, 500px\" \/><\/figure>\n<\/figure>\n<\/div>\n<\/div>\n\n\n\n<p>Profitez \u00e9galement de belles vid\u00e9os qui expliquent ce qu\u2019est le Tricardon en 3 parties:<\/p>\n\n\n\n<div class=\"wp-block-columns is-layout-flex wp-container-core-columns-is-layout-9d6595d7 wp-block-columns-is-layout-flex\">\n<div class=\"wp-block-column is-layout-flow wp-block-column-is-layout-flow\">\n<figure class=\"wp-block-embed is-type-video is-provider-youtube wp-block-embed-youtube wp-embed-aspect-16-9 wp-has-aspect-ratio\"><div class=\"wp-block-embed__wrapper\">\n<iframe loading=\"lazy\" title=\"Le Tricardon - Partie 1 - Pr\u00e9sentation\" width=\"640\" height=\"360\" src=\"https:\/\/www.youtube.com\/embed\/XYjpzXlm_YY?feature=oembed\" frameborder=\"0\" allow=\"accelerometer; autoplay; clipboard-write; encrypted-media; gyroscope; picture-in-picture; web-share\" referrerpolicy=\"strict-origin-when-cross-origin\" allowfullscreen><\/iframe>\n<\/div><\/figure>\n<\/div>\n\n\n\n<div class=\"wp-block-column is-layout-flow wp-block-column-is-layout-flow\">\n<figure class=\"wp-block-embed is-type-video is-provider-youtube wp-block-embed-youtube wp-embed-aspect-16-9 wp-has-aspect-ratio\"><div class=\"wp-block-embed__wrapper\">\n<iframe loading=\"lazy\" title=\"Le Tricardon - Partie 2 : La technique\" width=\"640\" height=\"360\" src=\"https:\/\/www.youtube.com\/embed\/2GCwzqXT5Zw?feature=oembed\" frameborder=\"0\" allow=\"accelerometer; autoplay; clipboard-write; encrypted-media; gyroscope; picture-in-picture; web-share\" referrerpolicy=\"strict-origin-when-cross-origin\" allowfullscreen><\/iframe>\n<\/div><\/figure>\n<\/div>\n\n\n\n<div class=\"wp-block-column is-layout-flow wp-block-column-is-layout-flow\">\n<figure class=\"wp-block-embed is-type-video is-provider-youtube wp-block-embed-youtube wp-embed-aspect-16-9 wp-has-aspect-ratio\"><div class=\"wp-block-embed__wrapper\">\n<iframe loading=\"lazy\" title=\"Les chemins du Tricardon - Partie 3\" width=\"640\" height=\"360\" src=\"https:\/\/www.youtube.com\/embed\/MC2k0iaSBx4?feature=oembed\" frameborder=\"0\" allow=\"accelerometer; autoplay; clipboard-write; encrypted-media; gyroscope; picture-in-picture; web-share\" referrerpolicy=\"strict-origin-when-cross-origin\" allowfullscreen><\/iframe>\n<\/div><\/figure>\n<\/div>\n<\/div>\n","protected":false},"excerpt":{"rendered":"<p>Un troubadour pour l&rsquo;\u00e9ternit\u00e9 Antoine Tom\u00e9 se produit r\u00e9guli\u00e8rement en concert, principalement \u00e0 Paris. Voici un showcase enregistr\u00e9 \u00e0 la Japan Touch \u00e0 Lyon. Ici des photos de concerts et, ci dessous, la cha\u00eene Youtube d\u2019Antoine avec tous ses clips. N\u2019h\u00e9sitez pas \u00e0 vous abonner. CHAINE YOUTUBE Profitez \u00e9galement de belles vid\u00e9os qui expliquent ce [&hellip;]<\/p>\n","protected":false},"author":1,"featured_media":0,"parent":0,"menu_order":0,"comment_status":"closed","ping_status":"closed","template":"page-template\/ibtana-page-template.php","meta":{"footnotes":""},"class_list":["post-35","page","type-page","status-publish","hentry"],"_links":{"self":[{"href":"https:\/\/antoinetome.fr\/index.php\/wp-json\/wp\/v2\/pages\/35","targetHints":{"allow":["GET"]}}],"collection":[{"href":"https:\/\/antoinetome.fr\/index.php\/wp-json\/wp\/v2\/pages"}],"about":[{"href":"https:\/\/antoinetome.fr\/index.php\/wp-json\/wp\/v2\/types\/page"}],"author":[{"embeddable":true,"href":"https:\/\/antoinetome.fr\/index.php\/wp-json\/wp\/v2\/users\/1"}],"replies":[{"embeddable":true,"href":"https:\/\/antoinetome.fr\/index.php\/wp-json\/wp\/v2\/comments?post=35"}],"version-history":[{"count":13,"href":"https:\/\/antoinetome.fr\/index.php\/wp-json\/wp\/v2\/pages\/35\/revisions"}],"predecessor-version":[{"id":888,"href":"https:\/\/antoinetome.fr\/index.php\/wp-json\/wp\/v2\/pages\/35\/revisions\/888"}],"wp:attachment":[{"href":"https:\/\/antoinetome.fr\/index.php\/wp-json\/wp\/v2\/media?parent=35"}],"curies":[{"name":"wp","href":"https:\/\/api.w.org\/{rel}","templated":true}]}}