{"id":291,"date":"2024-01-30T11:34:36","date_gmt":"2024-01-30T10:34:36","guid":{"rendered":"https:\/\/antoinetome.fr\/?page_id=291"},"modified":"2024-01-31T14:02:57","modified_gmt":"2024-01-31T13:02:57","slug":"vivant","status":"publish","type":"page","link":"https:\/\/antoinetome.fr\/index.php\/vivant\/","title":{"rendered":"VIVANT"},"content":{"rendered":"\n<p><\/p>\n\n\n\n<figure class=\"wp-block-table has-medium-font-size\"><table class=\"has-luminous-vivid-amber-background-color has-background\"><tbody><tr><td class=\"has-text-align-center\" data-align=\"center\"><strong>Vivant<\/strong><\/td><\/tr><\/tbody><\/table><\/figure>\n\n\n\n<p><strong>Participation aux frais<\/strong> : 20\u20ac + frais d&rsquo;exp\u00e9dition<br>Demandez votre exemplaire \u00e0 la rubrique \u00ab\u00a0<a href=\"https:\/\/antoinetome.fr\/index.php\/contact\/\" target=\"_blank\" rel=\"noreferrer noopener\">contact<\/a>\u00ab\u00a0en indiquant l&rsquo;adresse de livraison<\/p>\n\n\n\n\n\n\n<p><strong>1)\u00b0<\/strong>&nbsp;Participer aux frais d\u2019exp\u00e9dition pour une commande de <strong>moins de 3 albums: 5\u20ac<\/strong><\/p>\n\n\n<div class=\"wp_cart_button_wrapper\"><form method=\"post\" class=\"wp-cart-button-form\" action=\"\" style=\"display:inline\" onsubmit=\"return ReadForm(this, true);\" ><input type=\"hidden\" id=\"_wpnonce\" name=\"_wpnonce\" value=\"a825232fc9\" \/><input type=\"hidden\" name=\"_wp_http_referer\" value=\"\/index.php\/wp-json\/wp\/v2\/pages\/291\" \/><input type=\"submit\" class=\"wspsc_add_cart_submit\" name=\"wspsc_add_cart_submit\" value=\"Ajouter au panier\" \/><input type=\"hidden\" name=\"wspsc_product\" value=\"extedition1\" \/><input type=\"hidden\" name=\"price\" value=\"5.00\" \/><input type=\"hidden\" name=\"shipping\" value=\"0\" \/><input type=\"hidden\" name=\"addcart\" value=\"1\" \/><input type=\"hidden\" name=\"cartLink\" value=\"https:\/\/antoinetome.fr\/wp-json\/wp\/v2\/pages\/291\" \/><input type=\"hidden\" name=\"product_tmp\" value=\"extedition1\" \/><input type=\"hidden\" name=\"product_tmp_two\" value=\"extedition1\" \/><input type=\"hidden\" name=\"item_number\" value=\"\" \/><\/form><\/div>\n\n\n\n<p><strong>ou<\/strong> &nbsp;Participer aux frais d\u2019exp\u00e9dition pour une commande de<strong> plus de 3 albums: 10\u20ac<\/strong><\/p>\n\n\n<div class=\"wp_cart_button_wrapper\"><form method=\"post\" class=\"wp-cart-button-form\" action=\"\" style=\"display:inline\" onsubmit=\"return ReadForm(this, true);\" ><input type=\"hidden\" id=\"_wpnonce\" name=\"_wpnonce\" value=\"a825232fc9\" \/><input type=\"hidden\" name=\"_wp_http_referer\" value=\"\/index.php\/wp-json\/wp\/v2\/pages\/291\" \/><input type=\"submit\" class=\"wspsc_add_cart_submit\" name=\"wspsc_add_cart_submit\" value=\"Ajouter au panier\" \/><input type=\"hidden\" name=\"wspsc_product\" value=\"expedition2\" \/><input type=\"hidden\" name=\"price\" value=\"10.00\" \/><input type=\"hidden\" name=\"shipping\" value=\"0\" \/><input type=\"hidden\" name=\"addcart\" value=\"1\" \/><input type=\"hidden\" name=\"cartLink\" value=\"https:\/\/antoinetome.fr\/wp-json\/wp\/v2\/pages\/291\" \/><input type=\"hidden\" name=\"product_tmp\" value=\"expedition2\" \/><input type=\"hidden\" name=\"product_tmp_two\" value=\"expedition2\" \/><input type=\"hidden\" name=\"item_number\" value=\"\" \/><\/form><\/div>\n\n\n\n<hr class=\"wp-block-separator has-alpha-channel-opacity\"\/>\n\n\n\n<p><strong>2\u00b0) demander mon exemplaire!<\/strong><\/p>\n\n\n<div class=\"wp_cart_button_wrapper\"><form method=\"post\" class=\"wp-cart-button-form\" action=\"\" style=\"display:inline\" onsubmit=\"return ReadForm(this, true);\" ><input type=\"hidden\" id=\"_wpnonce\" name=\"_wpnonce\" value=\"a825232fc9\" \/><input type=\"hidden\" name=\"_wp_http_referer\" value=\"\/index.php\/wp-json\/wp\/v2\/pages\/291\" \/><input type=\"submit\" class=\"wspsc_add_cart_submit\" name=\"wspsc_add_cart_submit\" value=\"Ajouter au panier\" \/><input type=\"hidden\" name=\"wspsc_product\" value=\"Vivant\" \/><input type=\"hidden\" name=\"price\" value=\"20.00\" \/><input type=\"hidden\" name=\"shipping\" value=\"0\" \/><input type=\"hidden\" name=\"addcart\" value=\"1\" \/><input type=\"hidden\" name=\"cartLink\" value=\"https:\/\/antoinetome.fr\/wp-json\/wp\/v2\/pages\/291\" \/><input type=\"hidden\" name=\"product_tmp\" value=\"Vivant\" \/><input type=\"hidden\" name=\"product_tmp_two\" value=\"Vivant\" \/><input type=\"hidden\" name=\"item_number\" value=\"\" \/><\/form><\/div>\n\n\n\n<p>Enregistr\u00e9 en public \u00e0 LA MAROQUINERIE les 6 \u2013 7 avril et 7 \u2013 8 septembre 2001<\/p>\n\n\n\n<div class=\"wp-block-columns is-layout-flex wp-container-core-columns-is-layout-9d6595d7 wp-block-columns-is-layout-flex\">\n<div class=\"wp-block-column is-layout-flow wp-block-column-is-layout-flow\">\n<figure class=\"wp-block-image size-full\"><img loading=\"lazy\" decoding=\"async\" width=\"600\" height=\"600\" src=\"https:\/\/antoinetome.fr\/wp-content\/uploads\/2024\/01\/12-4.jpg\" alt=\"\" class=\"wp-image-393\" srcset=\"https:\/\/antoinetome.fr\/wp-content\/uploads\/2024\/01\/12-4.jpg 600w, https:\/\/antoinetome.fr\/wp-content\/uploads\/2024\/01\/12-4-300x300.jpg 300w, https:\/\/antoinetome.fr\/wp-content\/uploads\/2024\/01\/12-4-150x150.jpg 150w\" sizes=\"auto, (max-width: 600px) 100vw, 600px\" \/><\/figure>\n<\/div>\n\n\n\n<div class=\"wp-block-column is-layout-flow wp-block-column-is-layout-flow\">\n<figure class=\"wp-block-image size-full\"><img loading=\"lazy\" decoding=\"async\" width=\"600\" height=\"592\" src=\"https:\/\/antoinetome.fr\/wp-content\/uploads\/2024\/01\/vivant-verso.jpg\" alt=\"\" class=\"wp-image-395\" srcset=\"https:\/\/antoinetome.fr\/wp-content\/uploads\/2024\/01\/vivant-verso.jpg 600w, https:\/\/antoinetome.fr\/wp-content\/uploads\/2024\/01\/vivant-verso-300x296.jpg 300w\" sizes=\"auto, (max-width: 600px) 100vw, 600px\" \/><\/figure>\n\n\n\n<ul class=\"wp-block-list\">\n<li class=\"has-small-font-size\">1 Rendez-vous avec vous ce soir<\/li>\n\n\n\n<li class=\"has-small-font-size\">2 Bossus<\/li>\n\n\n\n<li class=\"has-small-font-size\">3 Un sacr\u00e9 putain de slow<\/li>\n\n\n\n<li class=\"has-small-font-size\">4 Blue<\/li>\n\n\n\n<li class=\"has-small-font-size\">5 Tout l\u2019monde devrait<\/li>\n\n\n\n<li class=\"has-small-font-size\">6 Cath\u00e9drale<\/li>\n\n\n\n<li class=\"has-small-font-size\">7 La bouch\u00e8re<\/li>\n\n\n\n<li class=\"has-small-font-size\">8 Bankiz blues<\/li>\n\n\n\n<li class=\"has-small-font-size\">9 D\u00e9sesp\u00e9r\u00e9ment humains<\/li>\n\n\n\n<li class=\"has-small-font-size\">10 Les courses \u00e0 mobylette<\/li>\n\n\n\n<li class=\"has-small-font-size\">11 J\u2019ai menti<\/li>\n\n\n\n<li class=\"has-small-font-size\">12 Madame Da Sylva<\/li>\n\n\n\n<li class=\"has-small-font-size\">13 As tu d\u00e9j\u00e0 parl\u00e9 \u00e0 un arbre ?<\/li>\n\n\n\n<li class=\"has-small-font-size\">14 Palabras<\/li>\n\n\n\n<li class=\"has-small-font-size\">BONUS: Un extrait vid\u00e9o du concert se trouve cach\u00e9 \u00e0 la racine du CD !<\/li>\n\n\n\n<li class=\"has-small-font-size\"><\/li>\n<\/ul>\n<\/div>\n<\/div>\n","protected":false},"excerpt":{"rendered":"<p>Vivant Participation aux frais : 20\u20ac + frais d&rsquo;exp\u00e9ditionDemandez votre exemplaire \u00e0 la rubrique \u00ab\u00a0contact\u00ab\u00a0en indiquant l&rsquo;adresse de livraison 1)\u00b0&nbsp;Participer aux frais d\u2019exp\u00e9dition pour une commande de moins de 3 albums: 5\u20ac ou &nbsp;Participer aux frais d\u2019exp\u00e9dition pour une commande de plus de 3 albums: 10\u20ac 2\u00b0) demander mon exemplaire! Enregistr\u00e9 en public \u00e0 LA [&hellip;]<\/p>\n","protected":false},"author":1,"featured_media":0,"parent":0,"menu_order":0,"comment_status":"closed","ping_status":"closed","template":"page-template\/ibtana-page-template.php","meta":{"footnotes":""},"class_list":["post-291","page","type-page","status-publish","hentry"],"_links":{"self":[{"href":"https:\/\/antoinetome.fr\/index.php\/wp-json\/wp\/v2\/pages\/291","targetHints":{"allow":["GET"]}}],"collection":[{"href":"https:\/\/antoinetome.fr\/index.php\/wp-json\/wp\/v2\/pages"}],"about":[{"href":"https:\/\/antoinetome.fr\/index.php\/wp-json\/wp\/v2\/types\/page"}],"author":[{"embeddable":true,"href":"https:\/\/antoinetome.fr\/index.php\/wp-json\/wp\/v2\/users\/1"}],"replies":[{"embeddable":true,"href":"https:\/\/antoinetome.fr\/index.php\/wp-json\/wp\/v2\/comments?post=291"}],"version-history":[{"count":4,"href":"https:\/\/antoinetome.fr\/index.php\/wp-json\/wp\/v2\/pages\/291\/revisions"}],"predecessor-version":[{"id":587,"href":"https:\/\/antoinetome.fr\/index.php\/wp-json\/wp\/v2\/pages\/291\/revisions\/587"}],"wp:attachment":[{"href":"https:\/\/antoinetome.fr\/index.php\/wp-json\/wp\/v2\/media?parent=291"}],"curies":[{"name":"wp","href":"https:\/\/api.w.org\/{rel}","templated":true}]}}