{"id":282,"date":"2024-01-30T11:33:24","date_gmt":"2024-01-30T10:33:24","guid":{"rendered":"https:\/\/antoinetome.fr\/?page_id=282"},"modified":"2024-01-31T13:58:48","modified_gmt":"2024-01-31T12:58:48","slug":"romantik-tubes-vol-2","status":"publish","type":"page","link":"https:\/\/antoinetome.fr\/index.php\/romantik-tubes-vol-2\/","title":{"rendered":"ROMANTIK TUBES VOL 2"},"content":{"rendered":"\n<p><\/p>\n\n\n\n<figure class=\"wp-block-table has-medium-font-size\"><table class=\"has-luminous-vivid-amber-background-color has-background\"><tbody><tr><td class=\"has-text-align-center\" data-align=\"center\"><strong>Romantik Tubes Vol 2<\/strong><\/td><\/tr><\/tbody><\/table><\/figure>\n\n\n\n<p><strong>Participation aux frais<\/strong> : 20\u20ac + frais d&rsquo;exp\u00e9dition<br>Demandez votre exemplaire \u00e0 la rubrique \u00ab\u00a0<a href=\"https:\/\/antoinetome.fr\/index.php\/contact\/\" target=\"_blank\" rel=\"noreferrer noopener\">contact<\/a>\u00ab\u00a0en indiquant l&rsquo;adresse de livraison<\/p>\n\n\n\n\n\n\n<p><strong>1)\u00b0<\/strong>&nbsp;Participer aux frais d\u2019exp\u00e9dition pour une commande de <strong>moins de 3 albums: 5\u20ac<\/strong><\/p>\n\n\n<div class=\"wp_cart_button_wrapper\"><form method=\"post\" class=\"wp-cart-button-form\" action=\"\" style=\"display:inline\" onsubmit=\"return ReadForm(this, true);\" ><input type=\"hidden\" id=\"_wpnonce\" name=\"_wpnonce\" value=\"839d046591\" \/><input type=\"hidden\" name=\"_wp_http_referer\" value=\"\/index.php\/wp-json\/wp\/v2\/pages\/282\" \/><input type=\"submit\" class=\"wspsc_add_cart_submit\" name=\"wspsc_add_cart_submit\" value=\"Ajouter au panier\" \/><input type=\"hidden\" name=\"wspsc_product\" value=\"extedition1\" \/><input type=\"hidden\" name=\"price\" value=\"5.00\" \/><input type=\"hidden\" name=\"shipping\" value=\"0\" \/><input type=\"hidden\" name=\"addcart\" value=\"1\" \/><input type=\"hidden\" name=\"cartLink\" value=\"https:\/\/antoinetome.fr\/wp-json\/wp\/v2\/pages\/282\" \/><input type=\"hidden\" name=\"product_tmp\" value=\"extedition1\" \/><input type=\"hidden\" name=\"product_tmp_two\" value=\"extedition1\" \/><input type=\"hidden\" name=\"item_number\" value=\"\" \/><\/form><\/div>\n\n\n\n<p><strong>ou<\/strong> &nbsp;Participer aux frais d\u2019exp\u00e9dition pour une commande de<strong> plus de 3 albums: 10\u20ac<\/strong><\/p>\n\n\n<div class=\"wp_cart_button_wrapper\"><form method=\"post\" class=\"wp-cart-button-form\" action=\"\" style=\"display:inline\" onsubmit=\"return ReadForm(this, true);\" ><input type=\"hidden\" id=\"_wpnonce\" name=\"_wpnonce\" value=\"839d046591\" \/><input type=\"hidden\" name=\"_wp_http_referer\" value=\"\/index.php\/wp-json\/wp\/v2\/pages\/282\" \/><input type=\"submit\" class=\"wspsc_add_cart_submit\" name=\"wspsc_add_cart_submit\" value=\"Ajouter au panier\" \/><input type=\"hidden\" name=\"wspsc_product\" value=\"expedition2\" \/><input type=\"hidden\" name=\"price\" value=\"10.00\" \/><input type=\"hidden\" name=\"shipping\" value=\"0\" \/><input type=\"hidden\" name=\"addcart\" value=\"1\" \/><input type=\"hidden\" name=\"cartLink\" value=\"https:\/\/antoinetome.fr\/wp-json\/wp\/v2\/pages\/282\" \/><input type=\"hidden\" name=\"product_tmp\" value=\"expedition2\" \/><input type=\"hidden\" name=\"product_tmp_two\" value=\"expedition2\" \/><input type=\"hidden\" name=\"item_number\" value=\"\" \/><\/form><\/div>\n\n\n\n<hr class=\"wp-block-separator has-alpha-channel-opacity\"\/>\n\n\n\n<p><strong>2\u00b0) demander mon exemplaire!<\/strong><\/p>\n\n\n<div class=\"wp_cart_button_wrapper\"><form method=\"post\" class=\"wp-cart-button-form\" action=\"\" style=\"display:inline\" onsubmit=\"return ReadForm(this, true);\" ><input type=\"hidden\" id=\"_wpnonce\" name=\"_wpnonce\" value=\"839d046591\" \/><input type=\"hidden\" name=\"_wp_http_referer\" value=\"\/index.php\/wp-json\/wp\/v2\/pages\/282\" \/><input type=\"submit\" class=\"wspsc_add_cart_submit\" name=\"wspsc_add_cart_submit\" value=\"Ajouter au panier\" \/><input type=\"hidden\" name=\"wspsc_product\" value=\"RT-vol-2\" \/><input type=\"hidden\" name=\"price\" value=\"20.00\" \/><input type=\"hidden\" name=\"shipping\" value=\"0\" \/><input type=\"hidden\" name=\"addcart\" value=\"1\" \/><input type=\"hidden\" name=\"cartLink\" value=\"https:\/\/antoinetome.fr\/wp-json\/wp\/v2\/pages\/282\" \/><input type=\"hidden\" name=\"product_tmp\" value=\"RT-vol-2\" \/><input type=\"hidden\" name=\"product_tmp_two\" value=\"RT-vol-2\" \/><input type=\"hidden\" name=\"item_number\" value=\"\" \/><\/form><\/div>\n\n\n\n<div class=\"wp-block-columns is-layout-flex wp-container-core-columns-is-layout-9d6595d7 wp-block-columns-is-layout-flex\">\n<div class=\"wp-block-column is-layout-flow wp-block-column-is-layout-flow\">\n<figure class=\"wp-block-image size-full\"><img loading=\"lazy\" decoding=\"async\" width=\"1024\" height=\"1024\" src=\"https:\/\/antoinetome.fr\/wp-content\/uploads\/2024\/01\/6-4.jpg\" alt=\"\" class=\"wp-image-370\" srcset=\"https:\/\/antoinetome.fr\/wp-content\/uploads\/2024\/01\/6-4.jpg 1024w, https:\/\/antoinetome.fr\/wp-content\/uploads\/2024\/01\/6-4-300x300.jpg 300w, https:\/\/antoinetome.fr\/wp-content\/uploads\/2024\/01\/6-4-150x150.jpg 150w, https:\/\/antoinetome.fr\/wp-content\/uploads\/2024\/01\/6-4-768x768.jpg 768w\" sizes=\"auto, (max-width: 1024px) 100vw, 1024px\" \/><\/figure>\n<\/div>\n\n\n\n<div class=\"wp-block-column is-layout-flow wp-block-column-is-layout-flow\">\n<ul class=\"wp-block-list\">\n<li>1 \u2013 J\u2019me sens bien 2\u201946\u201d<\/li>\n\n\n\n<li>2 \u2013 Bossus 4\u201913\u201d<\/li>\n\n\n\n<li>3 \u2013 Un sexe grand comme le ciel 4\u201921\u201d (d\u00e9di\u00e9 \u00e0 Ab\u00e9lard l\u2019amant d\u2019H\u00e9lo\u00efse)<\/li>\n\n\n\n<li>4 \u2013 Au fond de la cour 2\u201957\u201d<\/li>\n\n\n\n<li>5 \u2013 Copenhague 4\u201930\u201d<\/li>\n\n\n\n<li>6 \u2013 Les portes de Tinsel 6\u201915\u201d<\/li>\n\n\n\n<li>7 \u2013 Madame Untel 4\u201928\u201d<\/li>\n\n\n\n<li>8 \u2013 Bah, la Baleine 4\u201925\u201d<\/li>\n\n\n\n<li>9 \u2013 De l\u2019autre c\u00f4t\u00e9 4\u201951\u201d<\/li>\n\n\n\n<li>10 \u2013 Les derniers jours d\u2019H\u00e9lo\u00efse<\/li>\n\n\n\n<li>3\u201946\u201d ( d\u00e9di\u00e9 \u00e0 H\u00e9lo\u00efse, l\u2019amante d\u2019Ab\u00e9lard)<\/li>\n\n\n\n<li>11 \u2013 Macao 3\u201936\u201d<\/li>\n\n\n\n<li>12 \u2013 Une \u00eele pour Elle 3\u201918\u201d<\/li>\n\n\n\n<li>13 \u2013 Balade 3\u201901\u201d<\/li>\n<\/ul>\n<\/div>\n<\/div>\n","protected":false},"excerpt":{"rendered":"<p>Romantik Tubes Vol 2 Participation aux frais : 20\u20ac + frais d&rsquo;exp\u00e9ditionDemandez votre exemplaire \u00e0 la rubrique \u00ab\u00a0contact\u00ab\u00a0en indiquant l&rsquo;adresse de livraison 1)\u00b0&nbsp;Participer aux frais d\u2019exp\u00e9dition pour une commande de moins de 3 albums: 5\u20ac ou &nbsp;Participer aux frais d\u2019exp\u00e9dition pour une commande de plus de 3 albums: 10\u20ac 2\u00b0) demander mon exemplaire!<\/p>\n","protected":false},"author":1,"featured_media":0,"parent":0,"menu_order":0,"comment_status":"closed","ping_status":"closed","template":"page-template\/ibtana-page-template.php","meta":{"footnotes":""},"class_list":["post-282","page","type-page","status-publish","hentry"],"_links":{"self":[{"href":"https:\/\/antoinetome.fr\/index.php\/wp-json\/wp\/v2\/pages\/282","targetHints":{"allow":["GET"]}}],"collection":[{"href":"https:\/\/antoinetome.fr\/index.php\/wp-json\/wp\/v2\/pages"}],"about":[{"href":"https:\/\/antoinetome.fr\/index.php\/wp-json\/wp\/v2\/types\/page"}],"author":[{"embeddable":true,"href":"https:\/\/antoinetome.fr\/index.php\/wp-json\/wp\/v2\/users\/1"}],"replies":[{"embeddable":true,"href":"https:\/\/antoinetome.fr\/index.php\/wp-json\/wp\/v2\/comments?post=282"}],"version-history":[{"count":4,"href":"https:\/\/antoinetome.fr\/index.php\/wp-json\/wp\/v2\/pages\/282\/revisions"}],"predecessor-version":[{"id":581,"href":"https:\/\/antoinetome.fr\/index.php\/wp-json\/wp\/v2\/pages\/282\/revisions\/581"}],"wp:attachment":[{"href":"https:\/\/antoinetome.fr\/index.php\/wp-json\/wp\/v2\/media?parent=282"}],"curies":[{"name":"wp","href":"https:\/\/api.w.org\/{rel}","templated":true}]}}