{"id":267,"date":"2024-01-30T11:31:26","date_gmt":"2024-01-30T10:31:26","guid":{"rendered":"https:\/\/antoinetome.fr\/?page_id=267"},"modified":"2024-01-31T14:01:38","modified_gmt":"2024-01-31T13:01:38","slug":"les-chants-du-coeur","status":"publish","type":"page","link":"https:\/\/antoinetome.fr\/index.php\/les-chants-du-coeur\/","title":{"rendered":"LES CHANTS DU C\u0152UR"},"content":{"rendered":"\n<p><\/p>\n\n\n\n<figure class=\"wp-block-table has-medium-font-size\"><table class=\"has-luminous-vivid-amber-background-color has-background\"><tbody><tr><td class=\"has-text-align-center\" data-align=\"center\"><strong>Les Chants du C\u0153ur <\/strong><\/td><\/tr><\/tbody><\/table><\/figure>\n\n\n\n<p class=\"has-text-align-center has-cyan-bluish-gray-background-color has-background has-small-font-size\"><strong>PLUS QUE 10 EXEMPLAIRES !<\/strong><\/p>\n\n\n\n<p class=\"has-text-align-center\"><strong>Participation aux frais<\/strong> : 45\u20ac + frais d&rsquo;exp\u00e9dition<br>Demandez votre exemplaire \u00e0 la rubrique \u00ab\u00a0<a href=\"https:\/\/antoinetome.fr\/index.php\/contact\/\" target=\"_blank\" rel=\"noreferrer noopener\">contact<\/a>\u00ab\u00a0en indiquant l&rsquo;adresse de livraison<\/p>\n\n\n\n\n\n\n<p><strong>1)\u00b0<\/strong>&nbsp;Participer aux frais d\u2019exp\u00e9dition pour une commande de <strong>moins de 3 albums: 5\u20ac<\/strong><\/p>\n\n\n<div class=\"wp_cart_button_wrapper\"><form method=\"post\" class=\"wp-cart-button-form\" action=\"\" style=\"display:inline\" onsubmit=\"return ReadForm(this, true);\" ><input type=\"hidden\" id=\"_wpnonce\" name=\"_wpnonce\" value=\"f4e9e1fc82\" \/><input type=\"hidden\" name=\"_wp_http_referer\" value=\"\/index.php\/wp-json\/wp\/v2\/pages\/267\" \/><input type=\"submit\" class=\"wspsc_add_cart_submit\" name=\"wspsc_add_cart_submit\" value=\"Ajouter au panier\" \/><input type=\"hidden\" name=\"wspsc_product\" value=\"extedition1\" \/><input type=\"hidden\" name=\"price\" value=\"5.00\" \/><input type=\"hidden\" name=\"shipping\" value=\"0\" \/><input type=\"hidden\" name=\"addcart\" value=\"1\" \/><input type=\"hidden\" name=\"cartLink\" value=\"https:\/\/antoinetome.fr\/wp-json\/wp\/v2\/pages\/267\" \/><input type=\"hidden\" name=\"product_tmp\" value=\"extedition1\" \/><input type=\"hidden\" name=\"product_tmp_two\" value=\"extedition1\" \/><input type=\"hidden\" name=\"item_number\" value=\"\" \/><\/form><\/div>\n\n\n\n<p><strong>ou<\/strong> &nbsp;Participer aux frais d\u2019exp\u00e9dition pour une commande de<strong> plus de 3 albums: 10\u20ac<\/strong><\/p>\n\n\n<div class=\"wp_cart_button_wrapper\"><form method=\"post\" class=\"wp-cart-button-form\" action=\"\" style=\"display:inline\" onsubmit=\"return ReadForm(this, true);\" ><input type=\"hidden\" id=\"_wpnonce\" name=\"_wpnonce\" value=\"f4e9e1fc82\" \/><input type=\"hidden\" name=\"_wp_http_referer\" value=\"\/index.php\/wp-json\/wp\/v2\/pages\/267\" \/><input type=\"submit\" class=\"wspsc_add_cart_submit\" name=\"wspsc_add_cart_submit\" value=\"Ajouter au panier\" \/><input type=\"hidden\" name=\"wspsc_product\" value=\"expedition2\" \/><input type=\"hidden\" name=\"price\" value=\"10.00\" \/><input type=\"hidden\" name=\"shipping\" value=\"0\" \/><input type=\"hidden\" name=\"addcart\" value=\"1\" \/><input type=\"hidden\" name=\"cartLink\" value=\"https:\/\/antoinetome.fr\/wp-json\/wp\/v2\/pages\/267\" \/><input type=\"hidden\" name=\"product_tmp\" value=\"expedition2\" \/><input type=\"hidden\" name=\"product_tmp_two\" value=\"expedition2\" \/><input type=\"hidden\" name=\"item_number\" value=\"\" \/><\/form><\/div>\n\n\n\n<hr class=\"wp-block-separator has-alpha-channel-opacity\"\/>\n\n\n\n<p><strong>2\u00b0) demander mon exemplaire!<\/strong><\/p>\n\n\n<div class=\"wp_cart_button_wrapper\"><form method=\"post\" class=\"wp-cart-button-form\" action=\"\" style=\"display:inline\" onsubmit=\"return ReadForm(this, true);\" ><input type=\"hidden\" id=\"_wpnonce\" name=\"_wpnonce\" value=\"f4e9e1fc82\" \/><input type=\"hidden\" name=\"_wp_http_referer\" value=\"\/index.php\/wp-json\/wp\/v2\/pages\/267\" \/><input type=\"submit\" class=\"wspsc_add_cart_submit\" name=\"wspsc_add_cart_submit\" value=\"Ajouter au panier\" \/><input type=\"hidden\" name=\"wspsc_product\" value=\"Les-Chants-du-coeur\" \/><input type=\"hidden\" name=\"price\" value=\"45.00\" \/><input type=\"hidden\" name=\"shipping\" value=\"0\" \/><input type=\"hidden\" name=\"addcart\" value=\"1\" \/><input type=\"hidden\" name=\"cartLink\" value=\"https:\/\/antoinetome.fr\/wp-json\/wp\/v2\/pages\/267\" \/><input type=\"hidden\" name=\"product_tmp\" value=\"Les-Chants-du-coeur\" \/><input type=\"hidden\" name=\"product_tmp_two\" value=\"Les-Chants-du-coeur\" \/><input type=\"hidden\" name=\"item_number\" value=\"\" \/><\/form><\/div>\n\n\n\n<div class=\"wp-block-columns is-layout-flex wp-container-core-columns-is-layout-9d6595d7 wp-block-columns-is-layout-flex\">\n<div class=\"wp-block-column is-layout-flow wp-block-column-is-layout-flow\">\n<figure class=\"wp-block-image size-full\"><img loading=\"lazy\" decoding=\"async\" width=\"600\" height=\"600\" src=\"https:\/\/antoinetome.fr\/wp-content\/uploads\/2024\/01\/10-4.jpg\" alt=\"\" class=\"wp-image-358\" srcset=\"https:\/\/antoinetome.fr\/wp-content\/uploads\/2024\/01\/10-4.jpg 600w, https:\/\/antoinetome.fr\/wp-content\/uploads\/2024\/01\/10-4-300x300.jpg 300w, https:\/\/antoinetome.fr\/wp-content\/uploads\/2024\/01\/10-4-150x150.jpg 150w\" sizes=\"auto, (max-width: 600px) 100vw, 600px\" \/><\/figure>\n<\/div>\n\n\n\n<div class=\"wp-block-column is-layout-flow wp-block-column-is-layout-flow\">\n<p>\u00ab\u00a0LES CHANTS DU COEUR\u00a0\u00bb, le 1er Album d&rsquo;Antoine Tom\u00e9, a \u00e9t\u00e9 produit en 1977 par Moshe Naim (MN Tevel) . Il a \u00e9t\u00e9 salu\u00e9 par la critique de mani\u00e8re unanime pour son originalit\u00e9 , \u00ab\u00a0son langage orgueilleusement diff\u00e9rent\u00a0\u00bb, et , aujourd&rsquo;hui, avec le recul , certains voient en lui \u00ab\u00a0un pr\u00e9curseur de la World Music\u00a0\u00bb! Il est vrai qu&rsquo;Antoine Tom\u00e9, dans cet album, a r\u00e9uni toutes sortes d&rsquo;instruments aux couleurs \u00e9vocatrices , et qu&rsquo;il utilise pour la premi\u00e8re fois la \u00ab\u00a0langue\u00a0\u00bb qu&rsquo;il a con\u00e7ue ( et que nous retrouvons \u00e0 pr\u00e9sent dans de nombreux morceaux de Mojo Waka&#8230;), cette langue \u00e9tait consid\u00e9r\u00e9e par Moshe Naim comme des \u00ab\u00a0percussions vocales\u00a0\u00bb, mais pour Antoine, c&rsquo;est une Langue \u00e0 part enti\u00e8re, une langue de l&rsquo;\u00e9motion, ( Les Chants du Coeur ,\u00a0\u00bbLes sons de l&rsquo;Ame\u00a0\u00bb, les Ames Sons, qui vont puiser dans le Bassin Du Coeur les images et les illuminations ! ) avec laquelle il raconte des histoires recueillies aux confins de l&rsquo;espace et du temps !<\/p>\n\n\n\n<h3 class=\"wp-block-heading\">Cet album magnifique fut r\u00e9\u00e9dit\u00e9 par Moshe Naim en 1995 sous forme de CD, et vous pouvez sur cette&nbsp;page acheter l&rsquo;<strong>un des 10 derniers exemplaires<\/strong> de cette r\u00e9\u00e9dition ( avec le livret de 1995).<\/h3>\n<\/div>\n\n\n\n<div class=\"wp-block-column is-layout-flow wp-block-column-is-layout-flow\">\n<div class=\"wp-block-group is-vertical is-layout-flex wp-container-core-group-is-layout-8cf370e7 wp-block-group-is-layout-flex\">\n<p>A1 Oama Deia 4:56<\/p>\n\n\n\n<p>A2 Ce N&rsquo;est Pas Une Histoire D&rsquo;amour 5:10<\/p>\n\n\n\n<p>A3 Je Marche Sans D\u00e9semparer 3:03<\/p>\n\n\n\n<p>A4 Ne Ferme Pas La Porte 3:31<\/p>\n\n\n\n<p>A5 Le Chant Du Mort 5:00<\/p>\n\n\n\n<p>Drums \u2013&nbsp;Didier HuckGuitar \u2013&nbsp;Jack Liot*<\/p>\n\n\n\n<p>B1 \u00c0 La Recherche De Ton Corps 7:43<\/p>\n\n\n\n<p>B2 La Femme \u00c0 La Renarde 3:20<\/p>\n\n\n\n<p>B3 Trahison 2:00<\/p>\n\n\n\n<p>B4 Dix Vagues 4:08<\/p>\n\n\n\n<p>B5 Nord<\/p>\n<\/div>\n<\/div>\n<\/div>\n","protected":false},"excerpt":{"rendered":"<p>Les Chants du C\u0153ur PLUS QUE 10 EXEMPLAIRES ! Participation aux frais : 45\u20ac + frais d&rsquo;exp\u00e9ditionDemandez votre exemplaire \u00e0 la rubrique \u00ab\u00a0contact\u00ab\u00a0en indiquant l&rsquo;adresse de livraison 1)\u00b0&nbsp;Participer aux frais d\u2019exp\u00e9dition pour une commande de moins de 3 albums: 5\u20ac ou &nbsp;Participer aux frais d\u2019exp\u00e9dition pour une commande de plus de 3 albums: 10\u20ac 2\u00b0) [&hellip;]<\/p>\n","protected":false},"author":1,"featured_media":0,"parent":0,"menu_order":0,"comment_status":"closed","ping_status":"closed","template":"page-template\/ibtana-page-template.php","meta":{"footnotes":""},"class_list":["post-267","page","type-page","status-publish","hentry"],"_links":{"self":[{"href":"https:\/\/antoinetome.fr\/index.php\/wp-json\/wp\/v2\/pages\/267","targetHints":{"allow":["GET"]}}],"collection":[{"href":"https:\/\/antoinetome.fr\/index.php\/wp-json\/wp\/v2\/pages"}],"about":[{"href":"https:\/\/antoinetome.fr\/index.php\/wp-json\/wp\/v2\/types\/page"}],"author":[{"embeddable":true,"href":"https:\/\/antoinetome.fr\/index.php\/wp-json\/wp\/v2\/users\/1"}],"replies":[{"embeddable":true,"href":"https:\/\/antoinetome.fr\/index.php\/wp-json\/wp\/v2\/comments?post=267"}],"version-history":[{"count":6,"href":"https:\/\/antoinetome.fr\/index.php\/wp-json\/wp\/v2\/pages\/267\/revisions"}],"predecessor-version":[{"id":585,"href":"https:\/\/antoinetome.fr\/index.php\/wp-json\/wp\/v2\/pages\/267\/revisions\/585"}],"wp:attachment":[{"href":"https:\/\/antoinetome.fr\/index.php\/wp-json\/wp\/v2\/media?parent=267"}],"curies":[{"name":"wp","href":"https:\/\/api.w.org\/{rel}","templated":true}]}}