{"id":252,"date":"2024-01-30T11:29:15","date_gmt":"2024-01-30T10:29:15","guid":{"rendered":"https:\/\/antoinetome.fr\/?page_id=252"},"modified":"2024-01-31T14:06:57","modified_gmt":"2024-01-31T13:06:57","slug":"as-tu-deja-parle-a-un-arbre","status":"publish","type":"page","link":"https:\/\/antoinetome.fr\/index.php\/as-tu-deja-parle-a-un-arbre\/","title":{"rendered":"AS-TU D\u00c9J\u00c0 PARL\u00c9 \u00c0 UN ARBRE ?"},"content":{"rendered":"\n<p><\/p>\n\n\n\n<figure class=\"wp-block-table has-medium-font-size\"><table class=\"has-luminous-vivid-amber-background-color has-background\"><tbody><tr><td class=\"has-text-align-center\" data-align=\"center\"><strong>As-tu d\u00e9j\u00e0 parl\u00e9 \u00e0 un arbre ?<\/strong><\/td><\/tr><\/tbody><\/table><\/figure>\n\n\n\n<p><strong>Participation aux frais<\/strong> : 15\u20ac + frais d&rsquo;exp\u00e9dition<br>Demandez votre exemplaire \u00e0 la rubrique \u00ab\u00a0<a href=\"https:\/\/antoinetome.fr\/index.php\/contact\/\" target=\"_blank\" rel=\"noreferrer noopener\">contact<\/a>\u00ab\u00a0en indiquant l&rsquo;adresse de livraison<\/p>\n\n\n\n\n\n\n<p><strong>1)\u00b0<\/strong>&nbsp;Participer aux frais d\u2019exp\u00e9dition pour une commande de <strong>moins de 3 albums: 5\u20ac<\/strong><\/p>\n\n\n<div class=\"wp_cart_button_wrapper\"><form method=\"post\" class=\"wp-cart-button-form\" action=\"\" style=\"display:inline\" onsubmit=\"return ReadForm(this, true);\" ><input type=\"hidden\" id=\"_wpnonce\" name=\"_wpnonce\" value=\"a825232fc9\" \/><input type=\"hidden\" name=\"_wp_http_referer\" value=\"\/index.php\/wp-json\/wp\/v2\/pages\/252\" \/><input type=\"submit\" class=\"wspsc_add_cart_submit\" name=\"wspsc_add_cart_submit\" value=\"Ajouter au panier\" \/><input type=\"hidden\" name=\"wspsc_product\" value=\"extedition1\" \/><input type=\"hidden\" name=\"price\" value=\"5.00\" \/><input type=\"hidden\" name=\"shipping\" value=\"0\" \/><input type=\"hidden\" name=\"addcart\" value=\"1\" \/><input type=\"hidden\" name=\"cartLink\" value=\"https:\/\/antoinetome.fr\/wp-json\/wp\/v2\/pages\/252\" \/><input type=\"hidden\" name=\"product_tmp\" value=\"extedition1\" \/><input type=\"hidden\" name=\"product_tmp_two\" value=\"extedition1\" \/><input type=\"hidden\" name=\"item_number\" value=\"\" \/><\/form><\/div>\n\n\n\n<p><strong>ou<\/strong> &nbsp;Participer aux frais d\u2019exp\u00e9dition pour une commande de<strong> plus de 3 albums: 10\u20ac<\/strong><\/p>\n\n\n<div class=\"wp_cart_button_wrapper\"><form method=\"post\" class=\"wp-cart-button-form\" action=\"\" style=\"display:inline\" onsubmit=\"return ReadForm(this, true);\" ><input type=\"hidden\" id=\"_wpnonce\" name=\"_wpnonce\" value=\"a825232fc9\" \/><input type=\"hidden\" name=\"_wp_http_referer\" value=\"\/index.php\/wp-json\/wp\/v2\/pages\/252\" \/><input type=\"submit\" class=\"wspsc_add_cart_submit\" name=\"wspsc_add_cart_submit\" value=\"Ajouter au panier\" \/><input type=\"hidden\" name=\"wspsc_product\" value=\"expedition2\" \/><input type=\"hidden\" name=\"price\" value=\"10.00\" \/><input type=\"hidden\" name=\"shipping\" value=\"0\" \/><input type=\"hidden\" name=\"addcart\" value=\"1\" \/><input type=\"hidden\" name=\"cartLink\" value=\"https:\/\/antoinetome.fr\/wp-json\/wp\/v2\/pages\/252\" \/><input type=\"hidden\" name=\"product_tmp\" value=\"expedition2\" \/><input type=\"hidden\" name=\"product_tmp_two\" value=\"expedition2\" \/><input type=\"hidden\" name=\"item_number\" value=\"\" \/><\/form><\/div>\n\n\n\n<hr class=\"wp-block-separator has-alpha-channel-opacity\"\/>\n\n\n\n<p><strong>2\u00b0)<\/strong> <strong>demander mon exemplaire<\/strong><\/p>\n\n\n<div class=\"wp_cart_button_wrapper\"><form method=\"post\" class=\"wp-cart-button-form\" action=\"\" style=\"display:inline\" onsubmit=\"return ReadForm(this, true);\" ><input type=\"hidden\" id=\"_wpnonce\" name=\"_wpnonce\" value=\"a825232fc9\" \/><input type=\"hidden\" name=\"_wp_http_referer\" value=\"\/index.php\/wp-json\/wp\/v2\/pages\/252\" \/><input type=\"submit\" class=\"wspsc_add_cart_submit\" name=\"wspsc_add_cart_submit\" value=\"Ajouter au panier\" \/><input type=\"hidden\" name=\"wspsc_product\" value=\"As-tu-deja-parle\" \/><input type=\"hidden\" name=\"price\" value=\"15.00\" \/><input type=\"hidden\" name=\"shipping\" value=\"0\" \/><input type=\"hidden\" name=\"addcart\" value=\"1\" \/><input type=\"hidden\" name=\"cartLink\" value=\"https:\/\/antoinetome.fr\/wp-json\/wp\/v2\/pages\/252\" \/><input type=\"hidden\" name=\"product_tmp\" value=\"As-tu-deja-parle\" \/><input type=\"hidden\" name=\"product_tmp_two\" value=\"As-tu-deja-parle\" \/><input type=\"hidden\" name=\"item_number\" value=\"\" \/><\/form><\/div>\n\n\n\n<div class=\"wp-block-media-text is-stacked-on-mobile\"><figure class=\"wp-block-media-text__media\"><img loading=\"lazy\" decoding=\"async\" width=\"600\" height=\"600\" src=\"https:\/\/antoinetome.fr\/wp-content\/uploads\/2024\/01\/17-3.jpg\" alt=\"\" class=\"wp-image-306 size-full\" srcset=\"https:\/\/antoinetome.fr\/wp-content\/uploads\/2024\/01\/17-3.jpg 600w, https:\/\/antoinetome.fr\/wp-content\/uploads\/2024\/01\/17-3-300x300.jpg 300w, https:\/\/antoinetome.fr\/wp-content\/uploads\/2024\/01\/17-3-150x150.jpg 150w\" sizes=\"auto, (max-width: 600px) 100vw, 600px\" \/><\/figure><div class=\"wp-block-media-text__content\">\n<div class=\"wp-block-group is-vertical is-layout-flex wp-container-core-group-is-layout-8cf370e7 wp-block-group-is-layout-flex\">\n<p>1 &#8211; As-tu d\u00e9j\u00e0 parl\u00e9 \u00e0 un arbre<\/p>\n\n\n\n<p>2 &#8211; Ol\u00e9y\u00e9lo Sarambo<\/p>\n\n\n\n<p>3 &#8211; O\u00f9 sont pass\u00e9es les chansons d&rsquo;amour ?<\/p>\n\n\n\n<p>4 &#8211; Qu&rsquo;est-c&rsquo;que t&rsquo;as ma Louloute ?<\/p>\n\n\n\n<p>5 &#8211; Merdamor Meurdamour<\/p>\n<\/div>\n<\/div><\/div>\n","protected":false},"excerpt":{"rendered":"<p>As-tu d\u00e9j\u00e0 parl\u00e9 \u00e0 un arbre ? Participation aux frais : 15\u20ac + frais d&rsquo;exp\u00e9ditionDemandez votre exemplaire \u00e0 la rubrique \u00ab\u00a0contact\u00ab\u00a0en indiquant l&rsquo;adresse de livraison 1)\u00b0&nbsp;Participer aux frais d\u2019exp\u00e9dition pour une commande de moins de 3 albums: 5\u20ac ou &nbsp;Participer aux frais d\u2019exp\u00e9dition pour une commande de plus de 3 albums: 10\u20ac 2\u00b0) demander mon [&hellip;]<\/p>\n","protected":false},"author":1,"featured_media":0,"parent":0,"menu_order":0,"comment_status":"closed","ping_status":"closed","template":"page-template\/ibtana-page-template.php","meta":{"footnotes":""},"class_list":["post-252","page","type-page","status-publish","hentry"],"_links":{"self":[{"href":"https:\/\/antoinetome.fr\/index.php\/wp-json\/wp\/v2\/pages\/252","targetHints":{"allow":["GET"]}}],"collection":[{"href":"https:\/\/antoinetome.fr\/index.php\/wp-json\/wp\/v2\/pages"}],"about":[{"href":"https:\/\/antoinetome.fr\/index.php\/wp-json\/wp\/v2\/types\/page"}],"author":[{"embeddable":true,"href":"https:\/\/antoinetome.fr\/index.php\/wp-json\/wp\/v2\/users\/1"}],"replies":[{"embeddable":true,"href":"https:\/\/antoinetome.fr\/index.php\/wp-json\/wp\/v2\/comments?post=252"}],"version-history":[{"count":7,"href":"https:\/\/antoinetome.fr\/index.php\/wp-json\/wp\/v2\/pages\/252\/revisions"}],"predecessor-version":[{"id":594,"href":"https:\/\/antoinetome.fr\/index.php\/wp-json\/wp\/v2\/pages\/252\/revisions\/594"}],"wp:attachment":[{"href":"https:\/\/antoinetome.fr\/index.php\/wp-json\/wp\/v2\/media?parent=252"}],"curies":[{"name":"wp","href":"https:\/\/api.w.org\/{rel}","templated":true}]}}