{"id":1429,"date":"2025-12-24T14:52:57","date_gmt":"2025-12-24T13:52:57","guid":{"rendered":"https:\/\/antoinetome.fr\/?page_id=1429"},"modified":"2025-12-26T10:43:18","modified_gmt":"2025-12-26T09:43:18","slug":"vivant-sur-la-cote-de-lumiere","status":"publish","type":"page","link":"https:\/\/antoinetome.fr\/index.php\/vivant-sur-la-cote-de-lumiere\/","title":{"rendered":"Vivant sur la c\u00f4te de lumi\u00e8re"},"content":{"rendered":"\n<figure class=\"wp-block-table has-medium-font-size\"><table class=\"has-luminous-vivid-amber-background-color has-background\"><tbody><tr><td class=\"has-text-align-center\" data-align=\"center\">Vivant sur la c\u00f4te de lumi\u00e8re<\/td><\/tr><\/tbody><\/table><\/figure>\n\n\n\n<p><strong>Participation aux frais<\/strong> : 25\u20ac + frais d&rsquo;exp\u00e9dition<br>Demandez votre exemplaire \u00e0 la rubrique \u00ab\u00a0<a href=\"https:\/\/antoinetome.fr\/index.php\/contact\/\" target=\"_blank\" rel=\"noreferrer noopener\">contact<\/a>\u00ab\u00a0en indiquant l&rsquo;adresse de livraison<\/p>\n\n\n\n\n\n\n<p><strong>1)\u00b0<\/strong>&nbsp;Participer aux frais d\u2019exp\u00e9dition pour une commande de <strong>moins de 3 albums: 5\u20ac<\/strong><\/p>\n\n\n<div class=\"wp_cart_button_wrapper\"><form method=\"post\" class=\"wp-cart-button-form\" action=\"\" style=\"display:inline\" onsubmit=\"return ReadForm(this, true);\" ><input type=\"hidden\" id=\"_wpnonce\" name=\"_wpnonce\" value=\"a825232fc9\" \/><input type=\"hidden\" name=\"_wp_http_referer\" value=\"\/index.php\/wp-json\/wp\/v2\/pages\/1429\" \/><input type=\"submit\" class=\"wspsc_add_cart_submit\" name=\"wspsc_add_cart_submit\" value=\"Ajouter au panier\" \/><input type=\"hidden\" name=\"wspsc_product\" value=\"expedition1\" \/><input type=\"hidden\" name=\"price\" value=\"5.00\" \/><input type=\"hidden\" name=\"shipping\" value=\"0\" \/><input type=\"hidden\" name=\"addcart\" value=\"1\" \/><input type=\"hidden\" name=\"cartLink\" value=\"https:\/\/antoinetome.fr\/wp-json\/wp\/v2\/pages\/1429\" \/><input type=\"hidden\" name=\"product_tmp\" value=\"expedition1\" \/><input type=\"hidden\" name=\"product_tmp_two\" value=\"expedition1\" \/><input type=\"hidden\" name=\"item_number\" value=\"\" \/><\/form><\/div>\n\n\n\n<p><strong>ou<\/strong> &nbsp;Participer aux frais d\u2019exp\u00e9dition pour une commande de<strong> plus de 3 albums: 10\u20ac<\/strong><\/p>\n\n\n<div class=\"wp_cart_button_wrapper\"><form method=\"post\" class=\"wp-cart-button-form\" action=\"\" style=\"display:inline\" onsubmit=\"return ReadForm(this, true);\" ><input type=\"hidden\" id=\"_wpnonce\" name=\"_wpnonce\" value=\"a825232fc9\" \/><input type=\"hidden\" name=\"_wp_http_referer\" value=\"\/index.php\/wp-json\/wp\/v2\/pages\/1429\" \/><input type=\"submit\" class=\"wspsc_add_cart_submit\" name=\"wspsc_add_cart_submit\" value=\"Ajouter au panier\" \/><input type=\"hidden\" name=\"wspsc_product\" value=\"expedition2\" \/><input type=\"hidden\" name=\"price\" value=\"10.00\" \/><input type=\"hidden\" name=\"shipping\" value=\"0\" \/><input type=\"hidden\" name=\"addcart\" value=\"1\" \/><input type=\"hidden\" name=\"cartLink\" value=\"https:\/\/antoinetome.fr\/wp-json\/wp\/v2\/pages\/1429\" \/><input type=\"hidden\" name=\"product_tmp\" value=\"expedition2\" \/><input type=\"hidden\" name=\"product_tmp_two\" value=\"expedition2\" \/><input type=\"hidden\" name=\"item_number\" value=\"\" \/><\/form><\/div>\n\n\n\n<hr class=\"wp-block-separator has-alpha-channel-opacity\"\/>\n\n\n\n<p><strong>2\u00b0) demander mon exemplaire!<\/strong><\/p>\n\n\n<div class=\"wp_cart_button_wrapper\"><form method=\"post\" class=\"wp-cart-button-form\" action=\"\" style=\"display:inline\" onsubmit=\"return ReadForm(this, true);\" ><input type=\"hidden\" id=\"_wpnonce\" name=\"_wpnonce\" value=\"a825232fc9\" \/><input type=\"hidden\" name=\"_wp_http_referer\" value=\"\/index.php\/wp-json\/wp\/v2\/pages\/1429\" \/><input type=\"submit\" class=\"wspsc_add_cart_submit\" name=\"wspsc_add_cart_submit\" value=\"Ajouter au panier\" \/><input type=\"hidden\" name=\"wspsc_product\" value=\"Vivant\" \/><input type=\"hidden\" name=\"price\" value=\"25.00\" \/><input type=\"hidden\" name=\"shipping\" value=\"0\" \/><input type=\"hidden\" name=\"addcart\" value=\"1\" \/><input type=\"hidden\" name=\"cartLink\" value=\"https:\/\/antoinetome.fr\/wp-json\/wp\/v2\/pages\/1429\" \/><input type=\"hidden\" name=\"product_tmp\" value=\"Vivant\" \/><input type=\"hidden\" name=\"product_tmp_two\" value=\"Vivant\" \/><input type=\"hidden\" name=\"item_number\" value=\"\" \/><\/form><\/div>\n\n\n\n<div class=\"wp-block-columns is-layout-flex wp-container-core-columns-is-layout-9d6595d7 wp-block-columns-is-layout-flex\">\n<div class=\"wp-block-column is-layout-flow wp-block-column-is-layout-flow\">\n<figure class=\"wp-block-gallery has-nested-images columns-default is-cropped wp-block-gallery-1 is-layout-flex wp-block-gallery-is-layout-flex\">\n<figure class=\"wp-block-image size-full\"><img loading=\"lazy\" decoding=\"async\" width=\"774\" height=\"774\" data-id=\"1423\" src=\"http:\/\/antoinetome.fr\/wp-content\/uploads\/2025\/12\/COUVERTURE.jpg\" alt=\"\" class=\"wp-image-1423\" srcset=\"https:\/\/antoinetome.fr\/wp-content\/uploads\/2025\/12\/COUVERTURE.jpg 774w, https:\/\/antoinetome.fr\/wp-content\/uploads\/2025\/12\/COUVERTURE-300x300.jpg 300w, https:\/\/antoinetome.fr\/wp-content\/uploads\/2025\/12\/COUVERTURE-150x150.jpg 150w, https:\/\/antoinetome.fr\/wp-content\/uploads\/2025\/12\/COUVERTURE-768x768.jpg 768w\" sizes=\"auto, (max-width: 774px) 100vw, 774px\" \/><\/figure>\n\n\n\n<figure class=\"wp-block-image size-full\"><img loading=\"lazy\" decoding=\"async\" width=\"750\" height=\"750\" data-id=\"1443\" src=\"http:\/\/antoinetome.fr\/wp-content\/uploads\/2025\/12\/verso.jpg\" alt=\"\" class=\"wp-image-1443\" srcset=\"https:\/\/antoinetome.fr\/wp-content\/uploads\/2025\/12\/verso.jpg 750w, https:\/\/antoinetome.fr\/wp-content\/uploads\/2025\/12\/verso-300x300.jpg 300w, https:\/\/antoinetome.fr\/wp-content\/uploads\/2025\/12\/verso-150x150.jpg 150w\" sizes=\"auto, (max-width: 750px) 100vw, 750px\" \/><\/figure>\n<\/figure>\n<\/div>\n<\/div>\n\n\n\n<p>Voici le CD Live d&rsquo;ANTOINE TOM\u00c9, enregistr\u00e9 \u00e0 La Tranche sur Mer lors du Festival MOVIES ON THE ROCK le 10 ao\u00fbt 2025.<\/p>\n\n\n\n<p>Des musiciens prestigieux y participent : <\/p>\n\n\n\n<p>JOHN HELLIWELL (saxophoniste de SUPERTRAMP) <\/p>\n\n\n\n<p>STEVE SHEHAN (Percussioniste avec Dylan, Paul Simon, Mc Cartney) <\/p>\n\n\n\n<p>ALAN SIMON ( Ga\u00efa, Excalibur, Roger Hogdson) <\/p>\n\n\n\n<p>GILBERT AZZAM (Guitariste \u00e9lectrique d&rsquo;Antoine Tom\u00e9) et <\/p>\n\n\n\n<p>ANTOINE TOM\u00c9 (Chant et Tricardon) <\/p>\n\n\n\n<p><\/p>\n","protected":false},"excerpt":{"rendered":"<p>Vivant sur la c\u00f4te de lumi\u00e8re Participation aux frais : 25\u20ac + frais d&rsquo;exp\u00e9ditionDemandez votre exemplaire \u00e0 la rubrique \u00ab\u00a0contact\u00ab\u00a0en indiquant l&rsquo;adresse de livraison 1)\u00b0&nbsp;Participer aux frais d\u2019exp\u00e9dition pour une commande de moins de 3 albums: 5\u20ac ou &nbsp;Participer aux frais d\u2019exp\u00e9dition pour une commande de plus de 3 albums: 10\u20ac 2\u00b0) demander mon exemplaire! [&hellip;]<\/p>\n","protected":false},"author":1,"featured_media":0,"parent":0,"menu_order":0,"comment_status":"closed","ping_status":"closed","template":"","meta":{"footnotes":""},"class_list":["post-1429","page","type-page","status-publish","hentry"],"_links":{"self":[{"href":"https:\/\/antoinetome.fr\/index.php\/wp-json\/wp\/v2\/pages\/1429","targetHints":{"allow":["GET"]}}],"collection":[{"href":"https:\/\/antoinetome.fr\/index.php\/wp-json\/wp\/v2\/pages"}],"about":[{"href":"https:\/\/antoinetome.fr\/index.php\/wp-json\/wp\/v2\/types\/page"}],"author":[{"embeddable":true,"href":"https:\/\/antoinetome.fr\/index.php\/wp-json\/wp\/v2\/users\/1"}],"replies":[{"embeddable":true,"href":"https:\/\/antoinetome.fr\/index.php\/wp-json\/wp\/v2\/comments?post=1429"}],"version-history":[{"count":7,"href":"https:\/\/antoinetome.fr\/index.php\/wp-json\/wp\/v2\/pages\/1429\/revisions"}],"predecessor-version":[{"id":1471,"href":"https:\/\/antoinetome.fr\/index.php\/wp-json\/wp\/v2\/pages\/1429\/revisions\/1471"}],"wp:attachment":[{"href":"https:\/\/antoinetome.fr\/index.php\/wp-json\/wp\/v2\/media?parent=1429"}],"curies":[{"name":"wp","href":"https:\/\/api.w.org\/{rel}","templated":true}]}}