{"id":12,"date":"2024-01-29T16:59:04","date_gmt":"2024-01-29T15:59:04","guid":{"rendered":"https:\/\/antoinetome.fr\/?page_id=12"},"modified":"2026-02-22T16:36:33","modified_gmt":"2026-02-22T15:36:33","slug":"blog","status":"publish","type":"page","link":"https:\/\/antoinetome.fr\/index.php\/blog\/","title":{"rendered":"Actualit\u00e9s"},"content":{"rendered":"\n<p><\/p>\n\n\n\n<h6 class=\"wp-block-heading\">\u00ab La femme au long cou de gazelle \u00bb Extrait du live d\u2019Antoine Tom\u00e9 VIVANT SUR LA C\u00d4TE DE LUMI\u00c8RE , paroles et musique d\u2019Antoine Tom\u00e9\u00a0<\/h6>\n\n\n\n<figure class=\"wp-block-embed is-type-video is-provider-youtube wp-block-embed-youtube wp-embed-aspect-16-9 wp-has-aspect-ratio\"><div class=\"wp-block-embed__wrapper\">\n<iframe loading=\"lazy\" title=\"La femme au long cou de gazelle\" width=\"640\" height=\"360\" src=\"https:\/\/www.youtube.com\/embed\/aIkTEYyXeSA?feature=oembed\" frameborder=\"0\" allow=\"accelerometer; autoplay; clipboard-write; encrypted-media; gyroscope; picture-in-picture; web-share\" referrerpolicy=\"strict-origin-when-cross-origin\" allowfullscreen><\/iframe>\n<\/div><\/figure>\n\n\n\n<hr class=\"wp-block-separator has-alpha-channel-opacity\"\/>\n\n\n\n<h6 class=\"wp-block-heading\">\u00ab 1,2,3 Sophie s\u2019en va \u00bb , Extrait du Volume 6 des ROMANTIK TUBES d\u2019Antoine Tom\u00e9, paroles et musique d\u2019Antoine Tom\u00e9\u00a0<\/h6>\n\n\n\n<figure class=\"wp-block-embed is-type-video is-provider-youtube wp-block-embed-youtube wp-embed-aspect-16-9 wp-has-aspect-ratio\"><div class=\"wp-block-embed__wrapper\">\n<iframe loading=\"lazy\" title=\"123 sophie s&#039;en va\" width=\"640\" height=\"360\" src=\"https:\/\/www.youtube.com\/embed\/8OrOUr7NR50?feature=oembed\" frameborder=\"0\" allow=\"accelerometer; autoplay; clipboard-write; encrypted-media; gyroscope; picture-in-picture; web-share\" referrerpolicy=\"strict-origin-when-cross-origin\" allowfullscreen><\/iframe>\n<\/div><\/figure>\n\n\n\n<p><\/p>\n\n\n\n<div class=\"wp-block-media-text is-stacked-on-mobile\"><figure class=\"wp-block-media-text__media\"><img loading=\"lazy\" decoding=\"async\" width=\"774\" height=\"774\" src=\"http:\/\/antoinetome.fr\/wp-content\/uploads\/2025\/12\/COUVERTURE.jpg\" alt=\"\" class=\"wp-image-1423 size-full\" srcset=\"https:\/\/antoinetome.fr\/wp-content\/uploads\/2025\/12\/COUVERTURE.jpg 774w, https:\/\/antoinetome.fr\/wp-content\/uploads\/2025\/12\/COUVERTURE-300x300.jpg 300w, https:\/\/antoinetome.fr\/wp-content\/uploads\/2025\/12\/COUVERTURE-150x150.jpg 150w, https:\/\/antoinetome.fr\/wp-content\/uploads\/2025\/12\/COUVERTURE-768x768.jpg 768w\" sizes=\"auto, (max-width: 774px) 100vw, 774px\" \/><\/figure><div class=\"wp-block-media-text__content\">\n<p>Voici le CD Live d&rsquo;ANTOINE TOM\u00c9, enregistr\u00e9 \u00e0 La Tranche sur Mer lors du Festival MOVIES ON THE ROCK le 10 ao\u00fbt 2025. <\/p>\n\n\n\n<p>Des musiciens prestigieux y participent : <\/p>\n\n\n\n<p>JOHN HELLIWELL (saxophoniste de SUPERTRAMP) <\/p>\n\n\n\n<p>STEVE SHEHAN (Percussioniste avec Dylan, Paul Simon, Mc Cartney) <\/p>\n\n\n\n<p>ALAN SIMON ( Ga\u00efa, Excalibur, Roger Hogdson) <\/p>\n\n\n\n<p>GILBERT AZZAM (Guitariste \u00e9lectrique d&rsquo;Antoine Tom\u00e9) et <\/p>\n\n\n\n<p>ANTOINE TOM\u00c9 (Chant et Tricardon) <\/p>\n\n\n\n<p>Vous pouvez vous procurer cet album sur la page Albums et Ouvrages de ce site.<\/p>\n<\/div><\/div>\n\n\n\n<div class=\"wp-block-media-text is-stacked-on-mobile\"><figure class=\"wp-block-media-text__media\"><img loading=\"lazy\" decoding=\"async\" width=\"750\" height=\"750\" src=\"http:\/\/antoinetome.fr\/wp-content\/uploads\/2025\/12\/Romantik-tubes-vol-6.jpg\" alt=\"\" class=\"wp-image-1433 size-full\" srcset=\"https:\/\/antoinetome.fr\/wp-content\/uploads\/2025\/12\/Romantik-tubes-vol-6.jpg 750w, https:\/\/antoinetome.fr\/wp-content\/uploads\/2025\/12\/Romantik-tubes-vol-6-300x300.jpg 300w, https:\/\/antoinetome.fr\/wp-content\/uploads\/2025\/12\/Romantik-tubes-vol-6-150x150.jpg 150w\" sizes=\"auto, (max-width: 750px) 100vw, 750px\" \/><\/figure><div class=\"wp-block-media-text__content\">\n<h2 class=\"wp-block-heading\">C&rsquo;est No\u00ebl ! <\/h2>\n\n\n\n<p><\/p>\n\n\n\n<p>Le volume 6 des ROMANTIK TUBES d&rsquo;ANTOINE TOM\u00c9 est enfin arriv\u00e9 ! <\/p>\n\n\n\n<p>Vous pouvez vous le procurer \u00e0 la rubrique ALBUMS ET OUVRAGES de notre site !<\/p>\n<\/div><\/div>\n\n\n\n<h2 class=\"wp-block-heading\">\u00ab\u00a0As tu d\u00e9j\u00e0 parl\u00e9 \u00e0 un arbre ?\u00a0\u00bb<\/h2>\n\n\n\n<div class=\"wp-block-media-text is-stacked-on-mobile\"><figure class=\"wp-block-media-text__media\"><video controls src=\"http:\/\/antoinetome.fr\/wp-content\/uploads\/2025\/09\/AS-TU-DEJA-PARLER-A-UN-ARBRE.mp4\"><\/video><\/figure><div class=\"wp-block-media-text__content\">\n<p>Live au Festival de La Tranche sur Mer, avec le saxophoniste John Helliwell (saxo de Supertramp) Steve Shehan aux percussions (Hadouk trio;, Paul Simon, Bob Dylan, etc&#8230;) \u00e0 l&rsquo;harmonica et \u00e0 la flute <a href=\"https:\/\/www.facebook.com\/profile.php?id=100010812136648&amp;__cft__[0]=AZXxGVC_Qj1hBi_JBYuklPh36V4GmIyi0KVAbyhC1TEk5FWpuDWT9Qgv4ddFgag7UfHDRoFVCeeqPVC3wOcjNEARhRJFAXsCCyMhxhX6wWJcqhljHM_fS7wmfOFRpxSjjhI4EZj1ijYV1QUiNrYsjLnViwo8cUj-6XkKJw9Hg2kTQmMvM34uVu0SNRYKcSC38iEFB2Vi6Pgz9rWwSeWvttKT60rXO4K5QHbXhIQ8Oi4LvZ8woC-LDwwB1vwMEZ0goRY&amp;__tn__=-]K-y-R\">Alan Simon<\/a> (Cr\u00e9ateur et compositeur d&rsquo;Excalibur et de nombreuses autres r\u00e9alisations, et organisateur du Festival) et \u00e0 la guitare \u00e9lectrique Gilbert Azzam. Images de Chantal Robert.<\/p>\n<\/div><\/div>\n\n\n\n<h2 class=\"wp-block-heading\">\u00ab\u00a0Les Amants embras\u00e9s\u00a0\u00bb<\/h2>\n\n\n\n<p>2eme extrait brut du concert d&rsquo;Antoine Tom\u00e9 au Festival de La Tranche sur mer, \u00ab\u00a0Movies on the rocks\u00a0\u00bb, cr\u00e9\u00e9 par Alan Simon, avec John Helliwell (saxophone de Supertramp) Steve Shehan (percussions, \u00e0 travaill\u00e9 avec Paul Simon, Bob Dylan, entre autres) Alan Simon (guimbarde, fl\u00fbte et harmonica, cr\u00e9ateur d&rsquo;Excalibur et de nombreuses autres r\u00e9alisations) Gilbert Azzam (guitare \u00e9lectrique) et Antoine Tom\u00e9 (chant et tricardon) Un Album de la totalit\u00e9 de ce concert est en pr\u00e9paration.<\/p>\n\n\n\n<figure class=\"wp-block-video\"><video height=\"478\" style=\"aspect-ratio: 848 \/ 478;\" width=\"848\" controls src=\"https:\/\/antoinetome.fr\/wp-content\/uploads\/2025\/09\/d304d4d2-2566-42a0-99b8-1c5e278264c2.mp4\"><\/video><\/figure>\n\n\n\n<p><\/p>\n","protected":false},"excerpt":{"rendered":"<p>\u00ab La femme au long cou de gazelle \u00bb Extrait du live d\u2019Antoine Tom\u00e9 VIVANT SUR LA C\u00d4TE DE LUMI\u00c8RE , paroles et musique d\u2019Antoine Tom\u00e9\u00a0 \u00ab 1,2,3 Sophie s\u2019en va \u00bb , Extrait du Volume 6 des ROMANTIK TUBES d\u2019Antoine Tom\u00e9, paroles et musique d\u2019Antoine Tom\u00e9\u00a0 Voici le CD Live d&rsquo;ANTOINE TOM\u00c9, enregistr\u00e9 \u00e0 [&hellip;]<\/p>\n","protected":false},"author":1,"featured_media":0,"parent":0,"menu_order":0,"comment_status":"closed","ping_status":"closed","template":"","meta":{"footnotes":""},"class_list":["post-12","page","type-page","status-publish","hentry"],"_links":{"self":[{"href":"https:\/\/antoinetome.fr\/index.php\/wp-json\/wp\/v2\/pages\/12","targetHints":{"allow":["GET"]}}],"collection":[{"href":"https:\/\/antoinetome.fr\/index.php\/wp-json\/wp\/v2\/pages"}],"about":[{"href":"https:\/\/antoinetome.fr\/index.php\/wp-json\/wp\/v2\/types\/page"}],"author":[{"embeddable":true,"href":"https:\/\/antoinetome.fr\/index.php\/wp-json\/wp\/v2\/users\/1"}],"replies":[{"embeddable":true,"href":"https:\/\/antoinetome.fr\/index.php\/wp-json\/wp\/v2\/comments?post=12"}],"version-history":[{"count":22,"href":"https:\/\/antoinetome.fr\/index.php\/wp-json\/wp\/v2\/pages\/12\/revisions"}],"predecessor-version":[{"id":1511,"href":"https:\/\/antoinetome.fr\/index.php\/wp-json\/wp\/v2\/pages\/12\/revisions\/1511"}],"wp:attachment":[{"href":"https:\/\/antoinetome.fr\/index.php\/wp-json\/wp\/v2\/media?parent=12"}],"curies":[{"name":"wp","href":"https:\/\/api.w.org\/{rel}","templated":true}]}}